{"id":4976,"date":"2024-05-10T16:12:12","date_gmt":"2024-05-10T16:12:12","guid":{"rendered":"https:\/\/metalwork.comerg.com\/?post_type=product&#038;p=2837"},"modified":"2026-04-07T08:33:06","modified_gmt":"2026-04-07T08:33:06","slug":"wrenches","status":"publish","type":"product","link":"https:\/\/metalwork.comerg.com\/de\/produkt\/wrenches\/","title":{"rendered":"Schl\u00fcssel"},"content":{"rendered":"<p>Schraubenschl\u00fcssel von sehr hoher Qualit\u00e4t und St\u00e4rke.<\/p>","protected":false},"excerpt":{"rendered":"<p>Schraubenschl\u00fcssel von sehr hoher Qualit\u00e4t und St\u00e4rke.<\/p>","protected":false},"featured_media":3400,"template":"","meta":[],"product_cat":[54],"product_tag":[88],"class_list":{"0":"post-4976","1":"product","2":"type-product","3":"status-publish","4":"has-post-thumbnail","6":"product_cat-specialni-detaili-prilojenia","7":"product_tag-armature","9":"first","10":"instock","11":"shipping-taxable","12":"purchasable","13":"product-type-simple"},"_links":{"self":[{"href":"https:\/\/metalwork.comerg.com\/de\/wp-json\/wp\/v2\/product\/4976","targetHints":{"allow":["GET"]}}],"collection":[{"href":"https:\/\/metalwork.comerg.com\/de\/wp-json\/wp\/v2\/product"}],"about":[{"href":"https:\/\/metalwork.comerg.com\/de\/wp-json\/wp\/v2\/types\/product"}],"version-history":[{"count":1,"href":"https:\/\/metalwork.comerg.com\/de\/wp-json\/wp\/v2\/product\/4976\/revisions"}],"predecessor-version":[{"id":5015,"href":"https:\/\/metalwork.comerg.com\/de\/wp-json\/wp\/v2\/product\/4976\/revisions\/5015"}],"wp:featuredmedia":[{"embeddable":true,"href":"https:\/\/metalwork.comerg.com\/de\/wp-json\/wp\/v2\/media\/3400"}],"wp:attachment":[{"href":"https:\/\/metalwork.comerg.com\/de\/wp-json\/wp\/v2\/media?parent=4976"}],"wp:term":[{"taxonomy":"product_cat","embeddable":true,"href":"https:\/\/metalwork.comerg.com\/de\/wp-json\/wp\/v2\/product_cat?post=4976"},{"taxonomy":"product_tag","embeddable":true,"href":"https:\/\/metalwork.comerg.com\/de\/wp-json\/wp\/v2\/product_tag?post=4976"}],"curies":[{"name":"wp","href":"https:\/\/api.w.org\/{rel}","templated":true}]}}