{"id":4961,"date":"2024-05-10T16:09:01","date_gmt":"2024-05-10T16:09:01","guid":{"rendered":"https:\/\/metalwork.comerg.com\/?post_type=product&#038;p=2812"},"modified":"2026-04-07T08:33:09","modified_gmt":"2026-04-07T08:33:09","slug":"inch-fittings-and-hose-nozzles","status":"publish","type":"product","link":"https:\/\/metalwork.comerg.com\/de\/produkt\/inch-fittings-and-hose-nozzles\/","title":{"rendered":"Zoll-Fittings und Schlaucht\u00fcllen"},"content":{"rendered":"<p>Hochwertige Zollanschl\u00fcsse und extrem langlebige Schlauchd\u00fcsen<\/p>","protected":false},"excerpt":{"rendered":"<p>Hochwertige Zollanschl\u00fcsse und extrem langlebige Schlauchd\u00fcsen<\/p>","protected":false},"featured_media":3443,"template":"","meta":[],"product_cat":[51],"product_tag":[88],"class_list":{"0":"post-4961","1":"product","2":"type-product","3":"status-publish","4":"has-post-thumbnail","6":"product_cat-saedinitelna","7":"product_tag-armature","9":"first","10":"instock","11":"shipping-taxable","12":"purchasable","13":"product-type-simple"},"_links":{"self":[{"href":"https:\/\/metalwork.comerg.com\/de\/wp-json\/wp\/v2\/product\/4961","targetHints":{"allow":["GET"]}}],"collection":[{"href":"https:\/\/metalwork.comerg.com\/de\/wp-json\/wp\/v2\/product"}],"about":[{"href":"https:\/\/metalwork.comerg.com\/de\/wp-json\/wp\/v2\/types\/product"}],"version-history":[{"count":1,"href":"https:\/\/metalwork.comerg.com\/de\/wp-json\/wp\/v2\/product\/4961\/revisions"}],"predecessor-version":[{"id":5029,"href":"https:\/\/metalwork.comerg.com\/de\/wp-json\/wp\/v2\/product\/4961\/revisions\/5029"}],"wp:featuredmedia":[{"embeddable":true,"href":"https:\/\/metalwork.comerg.com\/de\/wp-json\/wp\/v2\/media\/3443"}],"wp:attachment":[{"href":"https:\/\/metalwork.comerg.com\/de\/wp-json\/wp\/v2\/media?parent=4961"}],"wp:term":[{"taxonomy":"product_cat","embeddable":true,"href":"https:\/\/metalwork.comerg.com\/de\/wp-json\/wp\/v2\/product_cat?post=4961"},{"taxonomy":"product_tag","embeddable":true,"href":"https:\/\/metalwork.comerg.com\/de\/wp-json\/wp\/v2\/product_tag?post=4961"}],"curies":[{"name":"wp","href":"https:\/\/api.w.org\/{rel}","templated":true}]}}