{"id":4959,"date":"2024-05-10T16:07:32","date_gmt":"2024-05-10T16:07:32","guid":{"rendered":"https:\/\/metalwork.comerg.com\/?post_type=product&#038;p=2808"},"modified":"2026-04-07T08:33:09","modified_gmt":"2026-04-07T08:33:09","slug":"ball-valves","status":"publish","type":"product","link":"https:\/\/metalwork.comerg.com\/de\/produkt\/ball-valves\/","title":{"rendered":"Kugelh\u00e4hne"},"content":{"rendered":"<p>Kugelh\u00e4hne mit hoher Festigkeit und Qualit\u00e4t<\/p>","protected":false},"excerpt":{"rendered":"<p>Kugelh\u00e4hne mit hoher Festigkeit und Qualit\u00e4t<\/p>","protected":false},"featured_media":3403,"template":"","meta":[],"product_cat":[50],"product_tag":[88],"class_list":{"0":"post-4959","1":"product","2":"type-product","3":"status-publish","4":"has-post-thumbnail","6":"product_cat-spiratelna","7":"product_tag-armature","9":"first","10":"instock","11":"shipping-taxable","12":"purchasable","13":"product-type-simple"},"_links":{"self":[{"href":"https:\/\/metalwork.comerg.com\/de\/wp-json\/wp\/v2\/product\/4959","targetHints":{"allow":["GET"]}}],"collection":[{"href":"https:\/\/metalwork.comerg.com\/de\/wp-json\/wp\/v2\/product"}],"about":[{"href":"https:\/\/metalwork.comerg.com\/de\/wp-json\/wp\/v2\/types\/product"}],"version-history":[{"count":1,"href":"https:\/\/metalwork.comerg.com\/de\/wp-json\/wp\/v2\/product\/4959\/revisions"}],"predecessor-version":[{"id":5032,"href":"https:\/\/metalwork.comerg.com\/de\/wp-json\/wp\/v2\/product\/4959\/revisions\/5032"}],"wp:featuredmedia":[{"embeddable":true,"href":"https:\/\/metalwork.comerg.com\/de\/wp-json\/wp\/v2\/media\/3403"}],"wp:attachment":[{"href":"https:\/\/metalwork.comerg.com\/de\/wp-json\/wp\/v2\/media?parent=4959"}],"wp:term":[{"taxonomy":"product_cat","embeddable":true,"href":"https:\/\/metalwork.comerg.com\/de\/wp-json\/wp\/v2\/product_cat?post=4959"},{"taxonomy":"product_tag","embeddable":true,"href":"https:\/\/metalwork.comerg.com\/de\/wp-json\/wp\/v2\/product_tag?post=4959"}],"curies":[{"name":"wp","href":"https:\/\/api.w.org\/{rel}","templated":true}]}}