{"id":5435,"date":"2026-04-06T13:25:13","date_gmt":"2026-04-06T13:25:13","guid":{"rendered":"https:\/\/metalwork.comerg.com\/?page_id=5435"},"modified":"2026-04-07T10:50:21","modified_gmt":"2026-04-07T10:50:21","slug":"lazer-and-watter-cutting","status":"publish","type":"page","link":"https:\/\/metalwork.comerg.com\/de\/lazer-and-watter-cutting\/","title":{"rendered":"Laser- und Wasserstrahlschneiden"},"content":{"rendered":"<div data-elementor-type=\"wp-page\" data-elementor-id=\"5435\" class=\"elementor elementor-5435\" data-elementor-post-type=\"page\">\n\t\t\t\t\t\t<section class=\"elementor-section elementor-top-section elementor-element elementor-element-1ff71f2 elementor-section-content-middle animated-slow elementor-section-boxed elementor-section-height-default elementor-section-height-default elementor-invisible\" data-id=\"1ff71f2\" data-element_type=\"section\" data-settings=\"{&quot;animation&quot;:&quot;fadeInUp&quot;}\">\n\t\t\t\t\t\t<div class=\"elementor-container elementor-column-gap-extended\">\n\t\t\t\t\t<div class=\"elementor-column elementor-col-100 elementor-top-column elementor-element elementor-element-4d4a2d21\" data-id=\"4d4a2d21\" data-element_type=\"column\">\n\t\t\t<div class=\"elementor-widget-wrap elementor-element-populated\">\n\t\t\t\t\t\t<div class=\"elementor-element elementor-element-c857741 elementor-widget elementor-widget-iheading\" data-id=\"c857741\" data-element_type=\"widget\" data-widget_type=\"iheading.default\">\n\t\t\t\t<div class=\"elementor-widget-container\">\n\t\t\t\t\t<div class=\"section-head\">\r\n\t        \t            <h6 class=\"text-primary\">Modernes und effektives Wasserstrahl- und Laserschneiden.<\/h6>\r\n\t        \t        <h2 class=\"section-title\">Pr\u00e4zisionsschneiden f\u00fcr h\u00f6chste Qualit\u00e4t <span class=\"text-primary\"><\/span><\/h2>\r\n\t        \t    <\/div>\r\n\t    \t\t<\/div>\n\t\t\t\t<\/div>\n\t\t\t\t<div class=\"elementor-element elementor-element-52e39398 elementor-widget elementor-widget-text-editor\" data-id=\"52e39398\" data-element_type=\"widget\" data-widget_type=\"text-editor.default\">\n\t\t\t\t<div class=\"elementor-widget-container\">\n\t\t\t<style>\/*! elementor - v3.20.0 - 13-03-2024 *\/\n.elementor-widget-text-editor.elementor-drop-cap-view-stacked .elementor-drop-cap{background-color:#69727d;color:#fff}.elementor-widget-text-editor.elementor-drop-cap-view-framed .elementor-drop-cap{color:#69727d;border:3px solid;background-color:transparent}.elementor-widget-text-editor:not(.elementor-drop-cap-view-default) .elementor-drop-cap{margin-top:8px}.elementor-widget-text-editor:not(.elementor-drop-cap-view-default) .elementor-drop-cap-letter{width:1em;height:1em}.elementor-widget-text-editor .elementor-drop-cap{float:left;text-align:center;line-height:1;font-size:50px}.elementor-widget-text-editor .elementor-drop-cap-letter{display:inline-block}<\/style>\t\t\t\t<p class=\" translation-block\">Unsere Laser- und Wasserstrahlschneidanlagen erm\u00f6glichen pr\u00e4zise und schnelle Ergebnisse. Mit Hilfe neuer Maschinen und Technologien kann die <strong>Comerg Group GmbH<\/strong> eine breite Palette von Materialien mit hoher Pr\u00e4zision bearbeiten. Das Laserschneiden ist ideal f\u00fcr detaillierte und komplexe Formen, w\u00e4hrend das Wasserstrahlschneiden f\u00fcr gro\u00dfe Dicken und unkonventionelle Materialien geeignet ist.<\/p>\t\t\t\t\t\t<\/div>\n\t\t\t\t<\/div>\n\t\t\t\t<section class=\"elementor-section elementor-inner-section elementor-element elementor-element-47dc40d6 elementor-section-full_width elementor-section-height-default elementor-section-height-default\" data-id=\"47dc40d6\" data-element_type=\"section\">\n\t\t\t\t\t\t<div class=\"elementor-container elementor-column-gap-extended\">\n\t\t\t\t\t<div class=\"elementor-column elementor-col-33 elementor-inner-column elementor-element elementor-element-693bb0e9 animated-slow elementor-invisible\" data-id=\"693bb0e9\" data-element_type=\"column\" data-settings=\"{&quot;animation&quot;:&quot;fadeInLeft&quot;}\">\n\t\t\t<div class=\"elementor-widget-wrap elementor-element-populated\">\n\t\t\t\t\t\t<div class=\"elementor-element elementor-element-7ef6d04e rotate-icon-inside elementor-view-default elementor-widget elementor-widget-icon\" data-id=\"7ef6d04e\" data-element_type=\"widget\" data-widget_type=\"icon.default\">\n\t\t\t\t<div class=\"elementor-widget-container\">\n\t\t\t\t\t<div class=\"elementor-icon-wrapper\">\n\t\t\t<div class=\"elementor-icon\">\n\t\t\t<svg aria-hidden=\"true\" class=\"e-font-icon-svg e-fas-circle-notch\" viewbox=\"0 0 512 512\" xmlns=\"http:\/\/www.w3.org\/2000\/svg\"><path d=\"M288 39.056v16.659c0 10.804 7.281 20.159 17.686 23.066C383.204 100.434 440 171.518 440 256c0 101.689-82.295 184-184 184-101.689 0-184-82.295-184-184 0-84.47 56.786-155.564 134.312-177.219C216.719 75.874 224 66.517 224 55.712V39.064c0-15.709-14.834-27.153-30.046-23.234C86.603 43.482 7.394 141.206 8.003 257.332c.72 137.052 111.477 246.956 248.531 246.667C393.255 503.711 504 392.788 504 256c0-115.633-79.14-212.779-186.211-240.236C302.678 11.889 288 23.456 288 39.056z\"><\/path><\/svg>\t\t\t<\/div>\n\t\t<\/div>\n\t\t\t\t<\/div>\n\t\t\t\t<\/div>\n\t\t\t\t<div class=\"elementor-element elementor-element-bf151cb elementor-widget elementor-widget-heading\" data-id=\"bf151cb\" data-element_type=\"widget\" data-widget_type=\"heading.default\">\n\t\t\t\t<div class=\"elementor-widget-container\">\n\t\t\t<style>\/*! elementor - v3.20.0 - 13-03-2024 *\/\n.elementor-heading-title{padding:0;margin:0;line-height:1}.elementor-widget-heading .elementor-heading-title[class*=elementor-size-]>a{color:inherit;font-size:inherit;line-height:inherit}.elementor-widget-heading .elementor-heading-title.elementor-size-small{font-size:15px}.elementor-widget-heading .elementor-heading-title.elementor-size-medium{font-size:19px}.elementor-widget-heading .elementor-heading-title.elementor-size-large{font-size:29px}.elementor-widget-heading .elementor-heading-title.elementor-size-xl{font-size:39px}.elementor-widget-heading .elementor-heading-title.elementor-size-xxl{font-size:59px}<\/style><h6 class=\"elementor-heading-title elementor-size-default\">Schnelle Ausf\u00fchrung<\/h6>\t\t<\/div>\n\t\t\t\t<\/div>\n\t\t\t\t\t<\/div>\n\t\t<\/div>\n\t\t\t\t<div class=\"elementor-column elementor-col-33 elementor-inner-column elementor-element elementor-element-955b4c6 animated-slow elementor-invisible\" data-id=\"955b4c6\" data-element_type=\"column\" data-settings=\"{&quot;animation&quot;:&quot;fadeInUp&quot;}\">\n\t\t\t<div class=\"elementor-widget-wrap elementor-element-populated\">\n\t\t\t\t\t\t<div class=\"elementor-element elementor-element-2ea2d044 ikonatest elementor-view-default elementor-widget elementor-widget-icon\" data-id=\"2ea2d044\" data-element_type=\"widget\" data-widget_type=\"icon.default\">\n\t\t\t\t<div class=\"elementor-widget-container\">\n\t\t\t\t\t<div class=\"elementor-icon-wrapper\">\n\t\t\t<div class=\"elementor-icon\">\n\t\t\t<svg aria-hidden=\"true\" class=\"e-font-icon-svg e-fas-pencil-ruler\" viewbox=\"0 0 512 512\" xmlns=\"http:\/\/www.w3.org\/2000\/svg\"><path d=\"M109.46 244.04l134.58-134.56-44.12-44.12-61.68 61.68a7.919 7.919 0 0 1-11.21 0l-11.21-11.21c-3.1-3.1-3.1-8.12 0-11.21l61.68-61.68-33.64-33.65C131.47-3.1 111.39-3.1 99 9.29L9.29 99c-12.38 12.39-12.39 32.47 0 44.86l100.17 100.18zm388.47-116.8c18.76-18.76 18.75-49.17 0-67.93l-45.25-45.25c-18.76-18.76-49.18-18.76-67.95 0l-46.02 46.01 113.2 113.2 46.02-46.03zM316.08 82.71l-297 296.96L.32 487.11c-2.53 14.49 10.09 27.11 24.59 24.56l107.45-18.84L429.28 195.9 316.08 82.71zm186.63 285.43l-33.64-33.64-61.68 61.68c-3.1 3.1-8.12 3.1-11.21 0l-11.21-11.21c-3.09-3.1-3.09-8.12 0-11.21l61.68-61.68-44.14-44.14L267.93 402.5l100.21 100.2c12.39 12.39 32.47 12.39 44.86 0l89.71-89.7c12.39-12.39 12.39-32.47 0-44.86z\"><\/path><\/svg>\t\t\t<\/div>\n\t\t<\/div>\n\t\t\t\t<\/div>\n\t\t\t\t<\/div>\n\t\t\t\t<div class=\"elementor-element elementor-element-22835697 elementor-widget elementor-widget-heading\" data-id=\"22835697\" data-element_type=\"widget\" data-widget_type=\"heading.default\">\n\t\t\t\t<div class=\"elementor-widget-container\">\n\t\t\t<h6 class=\"elementor-heading-title elementor-size-default\">Hohe Genauigkeit<\/h6>\t\t<\/div>\n\t\t\t\t<\/div>\n\t\t\t\t\t<\/div>\n\t\t<\/div>\n\t\t\t\t<div class=\"elementor-column elementor-col-33 elementor-inner-column elementor-element elementor-element-74474208 animated-slow elementor-invisible\" data-id=\"74474208\" data-element_type=\"column\" data-settings=\"{&quot;animation&quot;:&quot;fadeInRight&quot;}\">\n\t\t\t<div class=\"elementor-widget-wrap elementor-element-populated\">\n\t\t\t\t\t\t<div class=\"elementor-element elementor-element-33094eca ikonatest2 elementor-view-default elementor-widget elementor-widget-icon\" data-id=\"33094eca\" data-element_type=\"widget\" data-widget_type=\"icon.default\">\n\t\t\t\t<div class=\"elementor-widget-container\">\n\t\t\t\t\t<div class=\"elementor-icon-wrapper\">\n\t\t\t<div class=\"elementor-icon\">\n\t\t\t<svg aria-hidden=\"true\" class=\"e-font-icon-svg e-fas-toolbox\" viewbox=\"0 0 512 512\" xmlns=\"http:\/\/www.w3.org\/2000\/svg\"><path d=\"M502.63 214.63l-45.25-45.25c-6-6-14.14-9.37-22.63-9.37H384V80c0-26.51-21.49-48-48-48H176c-26.51 0-48 21.49-48 48v80H77.25c-8.49 0-16.62 3.37-22.63 9.37L9.37 214.63c-6 6-9.37 14.14-9.37 22.63V320h128v-16c0-8.84 7.16-16 16-16h32c8.84 0 16 7.16 16 16v16h128v-16c0-8.84 7.16-16 16-16h32c8.84 0 16 7.16 16 16v16h128v-82.75c0-8.48-3.37-16.62-9.37-22.62zM320 160H192V96h128v64zm64 208c0 8.84-7.16 16-16 16h-32c-8.84 0-16-7.16-16-16v-16H192v16c0 8.84-7.16 16-16 16h-32c-8.84 0-16-7.16-16-16v-16H0v96c0 17.67 14.33 32 32 32h448c17.67 0 32-14.33 32-32v-96H384v16z\"><\/path><\/svg>\t\t\t<\/div>\n\t\t<\/div>\n\t\t\t\t<\/div>\n\t\t\t\t<\/div>\n\t\t\t\t<div class=\"elementor-element elementor-element-586a7d1f elementor-widget elementor-widget-heading\" data-id=\"586a7d1f\" data-element_type=\"widget\" data-widget_type=\"heading.default\">\n\t\t\t\t<div class=\"elementor-widget-container\">\n\t\t\t<h6 class=\"elementor-heading-title elementor-size-default\">Universelle Materialien<\/h6>\t\t<\/div>\n\t\t\t\t<\/div>\n\t\t\t\t\t<\/div>\n\t\t<\/div>\n\t\t\t\t\t<\/div>\n\t\t<\/section>\n\t\t\t\t\t<\/div>\n\t\t<\/div>\n\t\t\t\t\t<\/div>\n\t\t<\/section>\n\t\t<div class=\"elementor-element elementor-element-797df43a e-flex e-con-boxed e-con e-parent\" data-id=\"797df43a\" data-element_type=\"container\" data-core-v316-plus=\"true\">\n\t\t\t\t\t<div class=\"e-con-inner\">\n\t\t\t\t\t<\/div>\n\t\t\t\t<\/div>\n\t\t<div class=\"elementor-element elementor-element-67e73a60 e-con-full e-flex e-con e-parent\" data-id=\"67e73a60\" data-element_type=\"container\" data-core-v316-plus=\"true\">\n\t\t<div class=\"elementor-element elementor-element-53a350b6 e-con-full animated-slow e-flex elementor-invisible e-con e-child\" data-id=\"53a350b6\" data-element_type=\"container\" data-settings=\"{&quot;background_background&quot;:&quot;classic&quot;,&quot;animation&quot;:&quot;fadeInLeft&quot;}\">\n\t\t\t\t<div class=\"elementor-element elementor-element-21dede6d elementor-widget elementor-widget-ivideopopup\" data-id=\"21dede6d\" data-element_type=\"widget\" data-widget_type=\"ivideopopup.default\">\n\t\t\t\t<div class=\"elementor-widget-container\">\n\t\t\t\t\t<div class=\"video-popup\">\r\n\t        <a class=\"btn-play\" href=\"https:\/\/metalwork.comerg.com\/wp-content\/uploads\/2024\/07\/Test-1.mp4\">\r\n\t        \t<i class=\"icon ion-md-play\"><\/i>\r\n\t        <\/a>\r\n\t    <\/div>\r\n\t    \t\t<\/div>\n\t\t\t\t<\/div>\n\t\t\t\t<\/div>\n\t\t<div class=\"elementor-element elementor-element-1742f0fb e-con-full animated-slow e-flex elementor-invisible e-con e-child\" data-id=\"1742f0fb\" data-element_type=\"container\" data-settings=\"{&quot;background_background&quot;:&quot;classic&quot;,&quot;animation&quot;:&quot;fadeInRight&quot;}\">\n\t\t\t\t<div class=\"elementor-element elementor-element-6e274c79 elementor-widget elementor-widget-heading\" data-id=\"6e274c79\" data-element_type=\"widget\" data-widget_type=\"heading.default\">\n\t\t\t\t<div class=\"elementor-widget-container\">\n\t\t\t<h2 class=\"elementor-heading-title elementor-size-default\">LASERSCHNEIDMASCHINE<\/h2>\t\t<\/div>\n\t\t\t\t<\/div>\n\t\t\t\t<div class=\"elementor-element elementor-element-40fe939c elementor-widget elementor-widget-text-editor\" data-id=\"40fe939c\" data-element_type=\"widget\" data-widget_type=\"text-editor.default\">\n\t\t\t\t<div class=\"elementor-widget-container\">\n\t\t\t\t\t\t\t<p class=\" translation-block\">Wir verf\u00fcgen \u00fcber eine <strong>Laserschneidmaschine<\/strong>.<\/p><p><strong>MAXIMALE BLECHDICKE<\/strong><\/p><ul><li class=\" translation-block\"><span style=\"text-decoration: underline\">Stahl<\/span>: bis zu 40mm<\/li><li class=\" translation-block\"><span style=\"text-decoration: underline\">Edelstahl<\/span>: bis zu 30 mm<\/li><li><p class=\" translation-block\"><span style=\"text-decoration: underline\">Aluminium<\/span>: bis zu 12 mm<\/p><p class=\" translation-block\">Arbeitsbereich: <strong>2000x4000mm<\/strong><\/p><\/li><\/ul><p><strong>Rohre und Profile:<\/strong><\/p><ul><li class=\" translation-block\">von \u00d810mm bis \u00d8150mm<br>Vierkant von 20x20mm bis 150x150mm<\/li><\/ul>\t\t\t\t\t\t<\/div>\n\t\t\t\t<\/div>\n\t\t\t\t<div class=\"elementor-element elementor-element-47737bf3 elementor-widget elementor-widget-ibutton\" data-id=\"47737bf3\" data-element_type=\"widget\" data-widget_type=\"ibutton.default\">\n\t\t\t\t<div class=\"elementor-widget-container\">\n\t\t\t\t\t<div class=\"ot-button\">\r\n\t\t\t<a href=\"#elementor-action:action=popup:open&settings=eyJpZCI6IjUwODIiLCJ0b2dnbGUiOmZhbHNlfQ==\" class=\"btn btn-main no-icon\"><span>Anfrage senden<\/span><\/a>\r\n\t    <\/div>\r\n\t    \t\t<\/div>\n\t\t\t\t<\/div>\n\t\t\t\t<\/div>\n\t\t<div class=\"elementor-element elementor-element-20e3e497 e-con-full e-flex e-con e-child\" data-id=\"20e3e497\" data-element_type=\"container\">\n\t\t\t\t<\/div>\n\t\t\t\t<\/div>\n\t\t<div class=\"elementor-element elementor-element-40d3eaa2 e-flex e-con-boxed e-con e-parent\" data-id=\"40d3eaa2\" data-element_type=\"container\" id=\"vodno\" data-core-v316-plus=\"true\">\n\t\t\t\t\t<div class=\"e-con-inner\">\n\t\t\t\t\t<\/div>\n\t\t\t\t<\/div>\n\t\t<div class=\"elementor-element elementor-element-5d028ddd e-con-full e-flex e-con e-parent\" data-id=\"5d028ddd\" data-element_type=\"container\" id=\"vodno\" data-core-v316-plus=\"true\">\n\t\t<div class=\"elementor-element elementor-element-43607bdb e-con-full e-flex e-con e-child\" data-id=\"43607bdb\" data-element_type=\"container\">\n\t\t\t\t<\/div>\n\t\t<div class=\"elementor-element elementor-element-5dbe304 e-con-full io6te1div70 e-flex elementor-invisible e-con e-child\" data-id=\"5dbe304\" data-element_type=\"container\" data-settings=\"{&quot;background_background&quot;:&quot;classic&quot;,&quot;animation&quot;:&quot;fadeInLeft&quot;}\">\n\t\t\t\t<div class=\"elementor-element elementor-element-774e20d6 elementor-widget elementor-widget-heading\" data-id=\"774e20d6\" data-element_type=\"widget\" data-widget_type=\"heading.default\">\n\t\t\t\t<div class=\"elementor-widget-container\">\n\t\t\t<h2 class=\"elementor-heading-title elementor-size-default\">Wasserabrasivschneiden<\/h2>\t\t<\/div>\n\t\t\t\t<\/div>\n\t\t\t\t<div class=\"elementor-element elementor-element-5f1c88da elementor-widget elementor-widget-text-editor\" data-id=\"5f1c88da\" data-element_type=\"widget\" data-widget_type=\"text-editor.default\">\n\t\t\t\t<div class=\"elementor-widget-container\">\n\t\t\t\t\t\t\t<p class=\" translation-block\">Wir verf\u00fcgen \u00fcber eine <strong>Wasserabrasiv-Schneidemaschine<\/strong><\/p><p><strong>MAXIMALE BLECHDICKE:<\/strong><\/p><ul><li style=\"list-style-type: none;\"><ul><li>Metalle: bis zu 100mm<\/li><li>Nichtmetalle: bis zu 240mm<br \/><br \/><\/li><\/ul><p class=\" translation-block\">Arbeitsbereich:<strong> 1700x4000mm,<\/strong><\/p><\/li><\/ul>\t\t\t\t\t\t<\/div>\n\t\t\t\t<\/div>\n\t\t\t\t<div class=\"elementor-element elementor-element-7a5a4c1f elementor-widget elementor-widget-ibutton\" data-id=\"7a5a4c1f\" data-element_type=\"widget\" data-widget_type=\"ibutton.default\">\n\t\t\t\t<div class=\"elementor-widget-container\">\n\t\t\t\t\t<div class=\"ot-button\">\r\n\t\t\t<a href=\"#elementor-action:action=popup:open&settings=eyJpZCI6IjUwODIiLCJ0b2dnbGUiOmZhbHNlfQ==\" class=\"btn btn-main no-icon\"><span>Anfrage senden<\/span><\/a>\r\n\t    <\/div>\r\n\t    \t\t<\/div>\n\t\t\t\t<\/div>\n\t\t\t\t<\/div>\n\t\t<div class=\"elementor-element elementor-element-32a4a72c e-con-full e-flex elementor-invisible e-con e-child\" data-id=\"32a4a72c\" data-element_type=\"container\" data-settings=\"{&quot;background_background&quot;:&quot;classic&quot;,&quot;animation&quot;:&quot;fadeInRight&quot;}\">\n\t\t\t\t<div class=\"elementor-element elementor-element-c5a6f21 elementor-widget elementor-widget-ivideopopup\" data-id=\"c5a6f21\" data-element_type=\"widget\" data-widget_type=\"ivideopopup.default\">\n\t\t\t\t<div class=\"elementor-widget-container\">\n\t\t\t\t\t<div class=\"video-popup\">\r\n\t        <a class=\"btn-play\" href=\"https:\/\/metalwork.comerg.com\/wp-content\/uploads\/2024\/04\/5187143_Slow-Motion_Cnc_Head_1280x720.mp4\">\r\n\t        \t<i class=\"icon ion-md-play\"><\/i>\r\n\t        <\/a>\r\n\t    <\/div>\r\n\t    \t\t<\/div>\n\t\t\t\t<\/div>\n\t\t\t\t<\/div>\n\t\t\t\t<\/div>\n\t\t\t\t<\/div>","protected":false},"excerpt":{"rendered":"<p>Modern and effective water and laser cutting. Precision Cutting for High Quality Our laser and water cutting equipment provides the ability for precise and fast results. With the help of new machines and technologies, Comerg Group Ltd can process a wide range of materials with high precision. Laser cutting is ideal for detailed and complex [&hellip;]<\/p>","protected":false},"author":1,"featured_media":3680,"parent":0,"menu_order":0,"comment_status":"closed","ping_status":"closed","template":"","meta":{"footnotes":""},"class_list":["post-5435","page","type-page","status-publish","has-post-thumbnail","hentry"],"_links":{"self":[{"href":"https:\/\/metalwork.comerg.com\/de\/wp-json\/wp\/v2\/pages\/5435","targetHints":{"allow":["GET"]}}],"collection":[{"href":"https:\/\/metalwork.comerg.com\/de\/wp-json\/wp\/v2\/pages"}],"about":[{"href":"https:\/\/metalwork.comerg.com\/de\/wp-json\/wp\/v2\/types\/page"}],"author":[{"embeddable":true,"href":"https:\/\/metalwork.comerg.com\/de\/wp-json\/wp\/v2\/users\/1"}],"replies":[{"embeddable":true,"href":"https:\/\/metalwork.comerg.com\/de\/wp-json\/wp\/v2\/comments?post=5435"}],"version-history":[{"count":7,"href":"https:\/\/metalwork.comerg.com\/de\/wp-json\/wp\/v2\/pages\/5435\/revisions"}],"predecessor-version":[{"id":5502,"href":"https:\/\/metalwork.comerg.com\/de\/wp-json\/wp\/v2\/pages\/5435\/revisions\/5502"}],"wp:featuredmedia":[{"embeddable":true,"href":"https:\/\/metalwork.comerg.com\/de\/wp-json\/wp\/v2\/media\/3680"}],"wp:attachment":[{"href":"https:\/\/metalwork.comerg.com\/de\/wp-json\/wp\/v2\/media?parent=5435"}],"curies":[{"name":"wp","href":"https:\/\/api.w.org\/{rel}","templated":true}]}}