{"id":5434,"date":"2026-04-06T13:27:31","date_gmt":"2026-04-06T13:27:31","guid":{"rendered":"https:\/\/metalwork.comerg.com\/?page_id=5434"},"modified":"2026-04-07T10:53:28","modified_gmt":"2026-04-07T10:53:28","slug":"mechanical-services","status":"publish","type":"page","link":"https:\/\/metalwork.comerg.com\/de\/mechanical-services\/","title":{"rendered":"Mechanische Materialbearbeitung"},"content":{"rendered":"<div data-elementor-type=\"wp-page\" data-elementor-id=\"5434\" class=\"elementor elementor-5434\" data-elementor-post-type=\"page\">\n\t\t\t\t\t\t<section class=\"elementor-section elementor-top-section elementor-element elementor-element-12323ac9 elementor-section-content-middle animated-slow elementor-section-boxed elementor-section-height-default elementor-section-height-default elementor-invisible\" data-id=\"12323ac9\" data-element_type=\"section\" data-settings=\"{&quot;animation&quot;:&quot;fadeInUp&quot;}\">\n\t\t\t\t\t\t<div class=\"elementor-container elementor-column-gap-extended\">\n\t\t\t\t\t<div class=\"elementor-column elementor-col-100 elementor-top-column elementor-element elementor-element-358a694e\" data-id=\"358a694e\" data-element_type=\"column\">\n\t\t\t<div class=\"elementor-widget-wrap elementor-element-populated\">\n\t\t\t\t\t\t<div class=\"elementor-element elementor-element-7cdd7a0a elementor-widget elementor-widget-iheading\" data-id=\"7cdd7a0a\" data-element_type=\"widget\" data-widget_type=\"iheading.default\">\n\t\t\t\t<div class=\"elementor-widget-container\">\n\t\t\t\t\t<div class=\"section-head\">\r\n\t        \t            <h6 class=\"text-primary\">Moderne mechanische Bearbeitung<\/h6>\r\n\t        \t        <h2 class=\"section-title\">Was ist mechanische Materialbearbeitung? <span class=\"text-primary\"><\/span><\/h2>\r\n\t        \t    <\/div>\r\n\t    \t\t<\/div>\n\t\t\t\t<\/div>\n\t\t\t\t<div class=\"elementor-element elementor-element-3461c0ec elementor-widget elementor-widget-text-editor\" data-id=\"3461c0ec\" data-element_type=\"widget\" data-widget_type=\"text-editor.default\">\n\t\t\t\t<div class=\"elementor-widget-container\">\n\t\t\t<style>\/*! elementor - v3.20.0 - 13-03-2024 *\/\n.elementor-widget-text-editor.elementor-drop-cap-view-stacked .elementor-drop-cap{background-color:#69727d;color:#fff}.elementor-widget-text-editor.elementor-drop-cap-view-framed .elementor-drop-cap{color:#69727d;border:3px solid;background-color:transparent}.elementor-widget-text-editor:not(.elementor-drop-cap-view-default) .elementor-drop-cap{margin-top:8px}.elementor-widget-text-editor:not(.elementor-drop-cap-view-default) .elementor-drop-cap-letter{width:1em;height:1em}.elementor-widget-text-editor .elementor-drop-cap{float:left;text-align:center;line-height:1;font-size:50px}.elementor-widget-text-editor .elementor-drop-cap-letter{display:inline-block}<\/style>\t\t\t\t<img fetchpriority=\"high\" decoding=\"async\" class=\"alignright size-full wp-image-3993\" style=\"margin-left:3%; max-width: 450px; border-radius: 0px 0px 0px 50px; box-shadow: 0px 0px 10px 0px rgba(0, 0, 0, 0.12);\" src=\"https:\/\/metalwork.comerg.com\/wp-content\/uploads\/2024\/06\/CPU-strug-i-frezovane.webp\" title=\"Our CNC machines can process every detail!\" alt=\"CNC lathe that can also mechanically mill elements\" width=\"570\" height=\"428\" srcset=\"https:\/\/metalwork.comerg.com\/wp-content\/uploads\/2024\/06\/CPU-strug-i-frezovane.webp 570w, https:\/\/metalwork.comerg.com\/wp-content\/uploads\/2024\/06\/CPU-strug-i-frezovane-300x225.webp 300w, https:\/\/metalwork.comerg.com\/wp-content\/uploads\/2024\/06\/CPU-strug-i-frezovane-16x12.webp 16w\" sizes=\"(max-width: 570px) 100vw, 570px\" \/>\nDie Hochgeschwindigkeits-Materialbearbeitung von Metallteilen ist eine moderne Technologie, die folgendes beinhaltet <strong>Abtragen einer bestimmten Materialmenge von einem Werkst\u00fcck<\/strong>. Diese Art der Metallbearbeitung erzielt ein hohes Ma\u00df an Qualit\u00e4t, Effizienz und Pr\u00e4zision im Endergebnis.\n\n<strong>Hauptmerkmale<\/strong>\n<ul>\n \t<li><strong>Hohe Spindeldrehzahl:<\/strong> Dies gew\u00e4hrleistet ein besseres Endergebnis f\u00fcr die fertigen Metallteile, was zu weniger Defekten, Sp\u00e4nen und einer h\u00f6heren Oberfl\u00e4cheng\u00fcte f\u00fchrt.<\/li>\n \t<li><strong>Keine K\u00fchlschmierstoffe:<\/strong> Es entsteht keine hohe thermische Belastung zwischen Werkzeug und Bauteil, was zu minimaler plastischer Verformung f\u00fchrt.<\/li>\n<\/ul>\n<strong>Anwendungen:<\/strong>\n<ul>\n \t<li>Bearbeitung von Nichteisenmetallen (geh\u00e4rteter Stahl, Aluminium)<\/li>\n \t<li>Legierungen mit hoher H\u00e4rte<\/li>\n \t<li>Schwer zerspanbare Materialien<\/li>\n<\/ul>\nDie Hochgeschwindigkeitsbearbeitung wird zur Herstellung von Werkzeugen und Kleinteilen eingesetzt. Sie erfolgt durch <strong>Metallbearbeitungsmaschinen (Bearbeitungszentren)<\/strong>, die f\u00fcr Dreh- und Fr\u00e4soperationen ausgelegt sind.\n\n<strong>Maschinen f\u00fcr die Hochgeschwindigkeitsbearbeitung:<\/strong>\n<ul>\n \t<li>Mit zus\u00e4tzlichen Feedback-Ger\u00e4ten und speziellen Steuerungs- und \u00dcberwachungssystemen<\/li>\n \t<li>Drehen von schwer zu bearbeitenden Teilen ohne die Notwendigkeit eines anschlie\u00dfenden Schleifens, um ein qualitativ hochwertigeres Endergebnis zu erzielen<\/li>\n<\/ul>\nDie Comerg Group GmbH bietet hochwertige Dienstleistungen im Bereich der mechanischen Materialbearbeitung an, die allen Industriestandards entsprechen. Mit Liebe zum Detail und Engagement f\u00fcr Exzellenz sind wir Ihr zuverl\u00e4ssiger Partner f\u00fcr s\u00e4mtliche Metallbearbeitungsprojekte.\n\t\t\t\t\t\t<\/div>\n\t\t\t\t<\/div>\n\t\t\t\t<section class=\"elementor-section elementor-inner-section elementor-element elementor-element-321b100d elementor-section-full_width elementor-section-height-default elementor-section-height-default\" data-id=\"321b100d\" data-element_type=\"section\">\n\t\t\t\t\t\t<div class=\"elementor-container elementor-column-gap-extended\">\n\t\t\t\t\t<div class=\"elementor-column elementor-col-33 elementor-inner-column elementor-element elementor-element-197dd8b1 animated-slow elementor-invisible\" data-id=\"197dd8b1\" data-element_type=\"column\" data-settings=\"{&quot;animation&quot;:&quot;fadeInLeft&quot;}\">\n\t\t\t<div class=\"elementor-widget-wrap elementor-element-populated\">\n\t\t\t\t\t\t<div class=\"elementor-element elementor-element-205f6965 rotate-icon-inside elementor-view-default elementor-widget elementor-widget-icon\" data-id=\"205f6965\" data-element_type=\"widget\" data-widget_type=\"icon.default\">\n\t\t\t\t<div class=\"elementor-widget-container\">\n\t\t\t\t\t<div class=\"elementor-icon-wrapper\">\n\t\t\t<div class=\"elementor-icon elementor-animation-pulse\">\n\t\t\t<svg aria-hidden=\"true\" class=\"e-font-icon-svg e-fab-pushed\" viewbox=\"0 0 432 512\" xmlns=\"http:\/\/www.w3.org\/2000\/svg\"><path d=\"M407 111.9l-98.5-9 14-33.4c10.4-23.5-10.8-40.4-28.7-37L22.5 76.9c-15.1 2.7-26 18.3-21.4 36.6l105.1 348.3c6.5 21.3 36.7 24.2 47.7 7l35.3-80.8 235.2-231.3c16.4-16.8 4.3-42.9-17.4-44.8zM297.6 53.6c5.1-.7 7.5 2.5 5.2 7.4L286 100.9 108.6 84.6l189-31zM22.7 107.9c-3.1-5.1 1-10 6.1-9.1l248.7 22.7-96.9 230.7L22.7 107.9zM136 456.4c-2.6 4-7.9 3.1-9.4-1.2L43.5 179.7l127.7 197.6c-7 15-35.2 79.1-35.2 79.1zm272.8-314.5L210.1 337.3l89.7-213.7 106.4 9.7c4 1.1 5.7 5.3 2.6 8.6z\"><\/path><\/svg>\t\t\t<\/div>\n\t\t<\/div>\n\t\t\t\t<\/div>\n\t\t\t\t<\/div>\n\t\t\t\t<div class=\"elementor-element elementor-element-46499529 elementor-widget elementor-widget-heading\" data-id=\"46499529\" data-element_type=\"widget\" data-widget_type=\"heading.default\">\n\t\t\t\t<div class=\"elementor-widget-container\">\n\t\t\t<style>\/*! elementor - v3.20.0 - 13-03-2024 *\/\n.elementor-heading-title{padding:0;margin:0;line-height:1}.elementor-widget-heading .elementor-heading-title[class*=elementor-size-]>a{color:inherit;font-size:inherit;line-height:inherit}.elementor-widget-heading .elementor-heading-title.elementor-size-small{font-size:15px}.elementor-widget-heading .elementor-heading-title.elementor-size-medium{font-size:19px}.elementor-widget-heading .elementor-heading-title.elementor-size-large{font-size:29px}.elementor-widget-heading .elementor-heading-title.elementor-size-xl{font-size:39px}.elementor-widget-heading .elementor-heading-title.elementor-size-xxl{font-size:59px}<\/style><h6 class=\"elementor-heading-title elementor-size-default\">Hohe Pr\u00e4zision<\/h6>\t\t<\/div>\n\t\t\t\t<\/div>\n\t\t\t\t\t<\/div>\n\t\t<\/div>\n\t\t\t\t<div class=\"elementor-column elementor-col-33 elementor-inner-column elementor-element elementor-element-44fbf71a animated-slow elementor-invisible\" data-id=\"44fbf71a\" data-element_type=\"column\" data-settings=\"{&quot;animation&quot;:&quot;fadeInUp&quot;}\">\n\t\t\t<div class=\"elementor-widget-wrap elementor-element-populated\">\n\t\t\t\t\t\t<div class=\"elementor-element elementor-element-31fbaab7 ikonatest2 elementor-view-default elementor-widget elementor-widget-icon\" data-id=\"31fbaab7\" data-element_type=\"widget\" data-widget_type=\"icon.default\">\n\t\t\t\t<div class=\"elementor-widget-container\">\n\t\t\t\t\t<div class=\"elementor-icon-wrapper\">\n\t\t\t<div class=\"elementor-icon elementor-animation-pulse\">\n\t\t\t<svg aria-hidden=\"true\" class=\"e-font-icon-svg e-far-clock\" viewbox=\"0 0 512 512\" xmlns=\"http:\/\/www.w3.org\/2000\/svg\"><path d=\"M256 8C119 8 8 119 8 256s111 248 248 248 248-111 248-248S393 8 256 8zm0 448c-110.5 0-200-89.5-200-200S145.5 56 256 56s200 89.5 200 200-89.5 200-200 200zm61.8-104.4l-84.9-61.7c-3.1-2.3-4.9-5.9-4.9-9.7V116c0-6.6 5.4-12 12-12h32c6.6 0 12 5.4 12 12v141.7l66.8 48.6c5.4 3.9 6.5 11.4 2.6 16.8L334.6 349c-3.9 5.3-11.4 6.5-16.8 2.6z\"><\/path><\/svg>\t\t\t<\/div>\n\t\t<\/div>\n\t\t\t\t<\/div>\n\t\t\t\t<\/div>\n\t\t\t\t<div class=\"elementor-element elementor-element-2568564f elementor-widget elementor-widget-heading\" data-id=\"2568564f\" data-element_type=\"widget\" data-widget_type=\"heading.default\">\n\t\t\t\t<div class=\"elementor-widget-container\">\n\t\t\t<h6 class=\"elementor-heading-title elementor-size-default\">Schnelle Bearbeitung<\/h6>\t\t<\/div>\n\t\t\t\t<\/div>\n\t\t\t\t\t<\/div>\n\t\t<\/div>\n\t\t\t\t<div class=\"elementor-column elementor-col-33 elementor-inner-column elementor-element elementor-element-13d448e6 animated-slow elementor-invisible\" data-id=\"13d448e6\" data-element_type=\"column\" data-settings=\"{&quot;animation&quot;:&quot;fadeInRight&quot;}\">\n\t\t\t<div class=\"elementor-widget-wrap elementor-element-populated\">\n\t\t\t\t\t\t<div class=\"elementor-element elementor-element-37233128 ikonatest elementor-view-default elementor-widget elementor-widget-icon\" data-id=\"37233128\" data-element_type=\"widget\" data-widget_type=\"icon.default\">\n\t\t\t\t<div class=\"elementor-widget-container\">\n\t\t\t\t\t<div class=\"elementor-icon-wrapper\">\n\t\t\t<div class=\"elementor-icon elementor-animation-pulse\">\n\t\t\t<svg aria-hidden=\"true\" class=\"e-font-icon-svg e-fas-drafting-compass\" viewbox=\"0 0 512 512\" xmlns=\"http:\/\/www.w3.org\/2000\/svg\"><path d=\"M457.01 344.42c-25.05 20.33-52.63 37.18-82.54 49.05l54.38 94.19 53.95 23.04c9.81 4.19 20.89-2.21 22.17-12.8l7.02-58.25-54.98-95.23zm42.49-94.56c4.86-7.67 1.89-17.99-6.05-22.39l-28.07-15.57c-7.48-4.15-16.61-1.46-21.26 5.72C403.01 281.15 332.25 320 256 320c-23.93 0-47.23-4.25-69.41-11.53l67.36-116.68c.7.02 1.34.21 2.04.21s1.35-.19 2.04-.21l51.09 88.5c31.23-8.96 59.56-25.75 82.61-48.92l-51.79-89.71C347.39 128.03 352 112.63 352 96c0-53.02-42.98-96-96-96s-96 42.98-96 96c0 16.63 4.61 32.03 12.05 45.66l-68.3 118.31c-12.55-11.61-23.96-24.59-33.68-39-4.79-7.1-13.97-9.62-21.38-5.33l-27.75 16.07c-7.85 4.54-10.63 14.9-5.64 22.47 15.57 23.64 34.69 44.21 55.98 62.02L0 439.66l7.02 58.25c1.28 10.59 12.36 16.99 22.17 12.8l53.95-23.04 70.8-122.63C186.13 377.28 220.62 384 256 384c99.05 0 190.88-51.01 243.5-134.14zM256 64c17.67 0 32 14.33 32 32s-14.33 32-32 32-32-14.33-32-32 14.33-32 32-32z\"><\/path><\/svg>\t\t\t<\/div>\n\t\t<\/div>\n\t\t\t\t<\/div>\n\t\t\t\t<\/div>\n\t\t\t\t<div class=\"elementor-element elementor-element-1b7c2bc1 elementor-widget elementor-widget-heading\" data-id=\"1b7c2bc1\" data-element_type=\"widget\" data-widget_type=\"heading.default\">\n\t\t\t\t<div class=\"elementor-widget-container\">\n\t\t\t<h6 class=\"elementor-heading-title elementor-size-default\">Minimale Defekte<\/h6>\t\t<\/div>\n\t\t\t\t<\/div>\n\t\t\t\t\t<\/div>\n\t\t<\/div>\n\t\t\t\t\t<\/div>\n\t\t<\/section>\n\t\t\t\t\t<\/div>\n\t\t<\/div>\n\t\t\t\t\t<\/div>\n\t\t<\/section>\n\t\t<div class=\"elementor-element elementor-element-1df86c9b e-flex e-con-boxed e-con e-parent\" data-id=\"1df86c9b\" data-element_type=\"container\" data-core-v316-plus=\"true\">\n\t\t\t\t\t<div class=\"e-con-inner\">\n\t\t\t\t\t<\/div>\n\t\t\t\t<\/div>\n\t\t<div class=\"elementor-element elementor-element-7833c054 e-con-full e-flex e-con e-parent\" data-id=\"7833c054\" data-element_type=\"container\" data-core-v316-plus=\"true\">\n\t\t<div class=\"elementor-element elementor-element-335aab9f e-con-full e-flex e-con e-child\" data-id=\"335aab9f\" data-element_type=\"container\">\n\t\t\t\t<\/div>\n\t\t<div class=\"elementor-element elementor-element-2b120414 e-con-full io6te1div e-flex elementor-invisible e-con e-child\" data-id=\"2b120414\" data-element_type=\"container\" data-settings=\"{&quot;background_background&quot;:&quot;classic&quot;,&quot;animation&quot;:&quot;fadeInLeft&quot;}\">\n\t\t\t\t<div class=\"elementor-element elementor-element-126a4e95 elementor-widget elementor-widget-heading\" data-id=\"126a4e95\" data-element_type=\"widget\" data-widget_type=\"heading.default\">\n\t\t\t\t<div class=\"elementor-widget-container\">\n\t\t\t<h2 class=\"elementor-heading-title elementor-size-default\">MECHANISCHE MATERIALBEARBEITUNG<\/h2>\t\t<\/div>\n\t\t\t\t<\/div>\n\t\t\t\t<div class=\"elementor-element elementor-element-c027062 elementor-widget elementor-widget-text-editor\" data-id=\"c027062\" data-element_type=\"widget\" data-widget_type=\"text-editor.default\">\n\t\t\t\t<div class=\"elementor-widget-container\">\n\t\t\t\t\t\t\t<p class=\" translation-block\">Unsere Maschine zur <strong>mechanischen Materialbearbeitung<\/strong> kann eine Vielzahl von Metallen bearbeiten, darunter geh\u00e4rteten Stahl mit einer H\u00e4rte von 50-60 HRC, Aluminium mit einer Dichte von 2,7 g\/cm\u00b3, Titanlegierungen mit einer H\u00e4rte von 30-35 HRC und Edelstahl mit einer H\u00e4rte von 40-45 HRC. Dabei bietet sie <strong>hohe Pr\u00e4zision<\/strong> und minimale Oberfl\u00e4chenrauheit (Ra 0,4 \u2013 1,2 \u00b5m) bei Bearbeitungsschichtdicken von bis zu 10 mm.<\/p>\t\t\t\t\t\t<\/div>\n\t\t\t\t<\/div>\n\t\t\t\t<div class=\"elementor-element elementor-element-48d6593b elementor-widget elementor-widget-ibutton\" data-id=\"48d6593b\" data-element_type=\"widget\" data-widget_type=\"ibutton.default\">\n\t\t\t\t<div class=\"elementor-widget-container\">\n\t\t\t\t\t<div class=\"ot-button\">\r\n\t\t\t<a href=\"#elementor-action:action=popup:open&settings=eyJpZCI6IjUwODIiLCJ0b2dnbGUiOmZhbHNlfQ==\" class=\"btn btn-main no-icon\"><span>Anfrage senden<\/span><\/a>\r\n\t    <\/div>\r\n\t    \t\t<\/div>\n\t\t\t\t<\/div>\n\t\t\t\t<\/div>\n\t\t<div class=\"elementor-element elementor-element-1922167f e-con-full e-flex elementor-invisible e-con e-child\" data-id=\"1922167f\" data-element_type=\"container\" data-settings=\"{&quot;background_background&quot;:&quot;classic&quot;,&quot;animation&quot;:&quot;fadeInRight&quot;}\">\n\t\t\t\t<div class=\"elementor-element elementor-element-25b5de95 elementor-widget elementor-widget-ivideopopup\" data-id=\"25b5de95\" data-element_type=\"widget\" data-widget_type=\"ivideopopup.default\">\n\t\t\t\t<div class=\"elementor-widget-container\">\n\t\t\t\t\t<div class=\"video-popup\">\r\n\t        <a class=\"btn-play\" href=\"https:\/\/metalwork.comerg.com\/wp-content\/uploads\/2024\/06\/5138474_Cnc_Head_1280x720.mp4\">\r\n\t        \t<i class=\"icon ion-md-play\"><\/i>\r\n\t        <\/a>\r\n\t    <\/div>\r\n\t    \t\t<\/div>\n\t\t\t\t<\/div>\n\t\t\t\t<\/div>\n\t\t\t\t<\/div>\n\t\t\t\t<\/div>","protected":false},"excerpt":{"rendered":"<p>Modern mechanical processing What is mechanical material processing? High-speed mechanical processing of metal parts is a modern technology that involves removing a certain amount of material from a workpiece. This type of metalworking achieves a high level of quality, efficiency and precision in the final result. Main characteristics: High spindle rotation speed: This ensures a [&hellip;]<\/p>","protected":false},"author":1,"featured_media":3893,"parent":0,"menu_order":0,"comment_status":"closed","ping_status":"closed","template":"","meta":{"footnotes":""},"class_list":["post-5434","page","type-page","status-publish","has-post-thumbnail","hentry"],"_links":{"self":[{"href":"https:\/\/metalwork.comerg.com\/de\/wp-json\/wp\/v2\/pages\/5434","targetHints":{"allow":["GET"]}}],"collection":[{"href":"https:\/\/metalwork.comerg.com\/de\/wp-json\/wp\/v2\/pages"}],"about":[{"href":"https:\/\/metalwork.comerg.com\/de\/wp-json\/wp\/v2\/types\/page"}],"author":[{"embeddable":true,"href":"https:\/\/metalwork.comerg.com\/de\/wp-json\/wp\/v2\/users\/1"}],"replies":[{"embeddable":true,"href":"https:\/\/metalwork.comerg.com\/de\/wp-json\/wp\/v2\/comments?post=5434"}],"version-history":[{"count":7,"href":"https:\/\/metalwork.comerg.com\/de\/wp-json\/wp\/v2\/pages\/5434\/revisions"}],"predecessor-version":[{"id":5500,"href":"https:\/\/metalwork.comerg.com\/de\/wp-json\/wp\/v2\/pages\/5434\/revisions\/5500"}],"wp:featuredmedia":[{"embeddable":true,"href":"https:\/\/metalwork.comerg.com\/de\/wp-json\/wp\/v2\/media\/3893"}],"wp:attachment":[{"href":"https:\/\/metalwork.comerg.com\/de\/wp-json\/wp\/v2\/media?parent=5434"}],"curies":[{"name":"wp","href":"https:\/\/api.w.org\/{rel}","templated":true}]}}