{"id":5431,"date":"2026-04-06T13:45:07","date_gmt":"2026-04-06T13:45:07","guid":{"rendered":"https:\/\/metalwork.comerg.com\/?page_id=5431"},"modified":"2026-04-07T09:55:38","modified_gmt":"2026-04-07T09:55:38","slug":"metal-bending","status":"publish","type":"page","link":"https:\/\/metalwork.comerg.com\/de\/metal-bending\/","title":{"rendered":"Metallbiegen"},"content":{"rendered":"<div data-elementor-type=\"wp-page\" data-elementor-id=\"5431\" class=\"elementor elementor-5431\" data-elementor-post-type=\"page\">\n\t\t\t\t\t\t<section class=\"elementor-section elementor-top-section elementor-element elementor-element-1cb1673c elementor-section-content-middle animated-slow elementor-section-boxed elementor-section-height-default elementor-section-height-default elementor-invisible\" data-id=\"1cb1673c\" data-element_type=\"section\" data-settings=\"{&quot;animation&quot;:&quot;fadeInUp&quot;}\">\n\t\t\t\t\t\t<div class=\"elementor-container elementor-column-gap-extended\">\n\t\t\t\t\t<div class=\"elementor-column elementor-col-100 elementor-top-column elementor-element elementor-element-2dd08909\" data-id=\"2dd08909\" data-element_type=\"column\">\n\t\t\t<div class=\"elementor-widget-wrap elementor-element-populated\">\n\t\t\t\t\t\t<div class=\"elementor-element elementor-element-122310a2 elementor-widget elementor-widget-iheading\" data-id=\"122310a2\" data-element_type=\"widget\" data-widget_type=\"iheading.default\">\n\t\t\t\t<div class=\"elementor-widget-container\">\n\t\t\t\t\t<div class=\"section-head\">\r\n\t        \t            <h6 class=\"text-primary\">Modernes Biegen von Metall mit Pr\u00e4zision und einer Vielzahl von Techniken.<\/h6>\r\n\t        \t        <h2 class=\"section-title\">Pr\u00e4zises Biegen von Blech- und Rohrmaterial <span class=\"text-primary\"><\/span><\/h2>\r\n\t        \t    <\/div>\r\n\t    \t\t<\/div>\n\t\t\t\t<\/div>\n\t\t\t\t<div class=\"elementor-element elementor-element-d72816c elementor-widget elementor-widget-text-editor\" data-id=\"d72816c\" data-element_type=\"widget\" data-widget_type=\"text-editor.default\">\n\t\t\t\t<div class=\"elementor-widget-container\">\n\t\t\t<style>\/*! elementor - v3.20.0 - 13-03-2024 *\/\n.elementor-widget-text-editor.elementor-drop-cap-view-stacked .elementor-drop-cap{background-color:#69727d;color:#fff}.elementor-widget-text-editor.elementor-drop-cap-view-framed .elementor-drop-cap{color:#69727d;border:3px solid;background-color:transparent}.elementor-widget-text-editor:not(.elementor-drop-cap-view-default) .elementor-drop-cap{margin-top:8px}.elementor-widget-text-editor:not(.elementor-drop-cap-view-default) .elementor-drop-cap-letter{width:1em;height:1em}.elementor-widget-text-editor .elementor-drop-cap{float:left;text-align:center;line-height:1;font-size:50px}.elementor-widget-text-editor .elementor-drop-cap-letter{display:inline-block}<\/style>\t\t\t\t<p><strong>Die Comerg Group GmbH verf\u00fcgt \u00fcber langj\u00e4hrige Erfahrung im Biegen von Metallen und bietet eine vielf\u00e4ltige Ausstattung, darunter Abkantpressen, Rundbiegemaschinen und Rohrbiegemaschinen.<\/strong><\/p><p><a style=\"background-color: #f1f1f1;\" href=\"#ogavane-met\" target=\"_blank\" rel=\"noopener\"><b>Blechbiegen<\/b><\/a>: Diese Methode wird zum Biegen von Metallblechen mit hoher Genauigkeit und Pr\u00e4zision eingesetzt. Sie ist ideal f\u00fcr die Herstellung verschiedener Teile, die auf Ihre Bed\u00fcrfnisse und Qualit\u00e4tsanforderungen zugeschnitten sind.<\/p><p><a style=\"background-color: #f1f1f1;\" href=\"#valo-ogavan\" target=\"_blank\" rel=\"noopener\"><b>Rundbiegen<\/b><\/a>: Mit dem Rundbiegen k\u00f6nnen wir Metallbleche in verschiedenen Radien biegen. Diese Technik eignet sich f\u00fcr die Herstellung von zylindrischen und abgerundeten Teilen.<\/p><p><a style=\"background-color: #f1f1f1;\" href=\"#trabo-ogav\" target=\"_blank\" rel=\"noopener\"><b>Biegen von Rohren und Profilen<\/b><\/a>: Unsere Rohrbiegedienste umfassen das Biegen verschiedener Durchmesser und Wandst\u00e4rken. Geeignet f\u00fcr Rohrschlangen, Bauwesen, Infrastruktur und Fertigungsanwendungen.<\/p><p class=\" translation-block\">Mit unserer modernen Ausstattung und erfahrenen Technikern garantiert die <strong>Comerg Group GmbH<\/strong> exakte und pr\u00e4zise Biegungen f\u00fcr jegliche Metallkonstruktionen.<\/p>\t\t\t\t\t\t<\/div>\n\t\t\t\t<\/div>\n\t\t\t\t<section class=\"elementor-section elementor-inner-section elementor-element elementor-element-5986f298 elementor-section-full_width elementor-section-height-default elementor-section-height-default\" data-id=\"5986f298\" data-element_type=\"section\">\n\t\t\t\t\t\t<div class=\"elementor-container elementor-column-gap-extended\">\n\t\t\t\t\t<div class=\"elementor-column elementor-col-33 elementor-inner-column elementor-element elementor-element-37fed315 animated-slow elementor-invisible\" data-id=\"37fed315\" data-element_type=\"column\" data-settings=\"{&quot;animation&quot;:&quot;fadeInLeft&quot;}\">\n\t\t\t<div class=\"elementor-widget-wrap elementor-element-populated\">\n\t\t\t\t\t\t<div class=\"elementor-element elementor-element-41643454 rotate-icon-inside elementor-view-default elementor-widget elementor-widget-icon\" data-id=\"41643454\" data-element_type=\"widget\" data-widget_type=\"icon.default\">\n\t\t\t\t<div class=\"elementor-widget-container\">\n\t\t\t\t\t<div class=\"elementor-icon-wrapper\">\n\t\t\t<div class=\"elementor-icon\">\n\t\t\t<svg aria-hidden=\"true\" class=\"e-font-icon-svg e-fas-pencil-ruler\" viewbox=\"0 0 512 512\" xmlns=\"http:\/\/www.w3.org\/2000\/svg\"><path d=\"M109.46 244.04l134.58-134.56-44.12-44.12-61.68 61.68a7.919 7.919 0 0 1-11.21 0l-11.21-11.21c-3.1-3.1-3.1-8.12 0-11.21l61.68-61.68-33.64-33.65C131.47-3.1 111.39-3.1 99 9.29L9.29 99c-12.38 12.39-12.39 32.47 0 44.86l100.17 100.18zm388.47-116.8c18.76-18.76 18.75-49.17 0-67.93l-45.25-45.25c-18.76-18.76-49.18-18.76-67.95 0l-46.02 46.01 113.2 113.2 46.02-46.03zM316.08 82.71l-297 296.96L.32 487.11c-2.53 14.49 10.09 27.11 24.59 24.56l107.45-18.84L429.28 195.9 316.08 82.71zm186.63 285.43l-33.64-33.64-61.68 61.68c-3.1 3.1-8.12 3.1-11.21 0l-11.21-11.21c-3.09-3.1-3.09-8.12 0-11.21l61.68-61.68-44.14-44.14L267.93 402.5l100.21 100.2c12.39 12.39 32.47 12.39 44.86 0l89.71-89.7c12.39-12.39 12.39-32.47 0-44.86z\"><\/path><\/svg>\t\t\t<\/div>\n\t\t<\/div>\n\t\t\t\t<\/div>\n\t\t\t\t<\/div>\n\t\t\t\t<div class=\"elementor-element elementor-element-db401e4 elementor-widget elementor-widget-heading\" data-id=\"db401e4\" data-element_type=\"widget\" data-widget_type=\"heading.default\">\n\t\t\t\t<div class=\"elementor-widget-container\">\n\t\t\t<style>\/*! elementor - v3.20.0 - 13-03-2024 *\/\n.elementor-heading-title{padding:0;margin:0;line-height:1}.elementor-widget-heading .elementor-heading-title[class*=elementor-size-]>a{color:inherit;font-size:inherit;line-height:inherit}.elementor-widget-heading .elementor-heading-title.elementor-size-small{font-size:15px}.elementor-widget-heading .elementor-heading-title.elementor-size-medium{font-size:19px}.elementor-widget-heading .elementor-heading-title.elementor-size-large{font-size:29px}.elementor-widget-heading .elementor-heading-title.elementor-size-xl{font-size:39px}.elementor-widget-heading .elementor-heading-title.elementor-size-xxl{font-size:59px}<\/style><h6 class=\"elementor-heading-title elementor-size-default\">Hohe Genauigkeit<\/h6>\t\t<\/div>\n\t\t\t\t<\/div>\n\t\t\t\t\t<\/div>\n\t\t<\/div>\n\t\t\t\t<div class=\"elementor-column elementor-col-33 elementor-inner-column elementor-element elementor-element-4825f565 animated-slow elementor-invisible\" data-id=\"4825f565\" data-element_type=\"column\" data-settings=\"{&quot;animation&quot;:&quot;fadeInUp&quot;}\">\n\t\t\t<div class=\"elementor-widget-wrap elementor-element-populated\">\n\t\t\t\t\t\t<div class=\"elementor-element elementor-element-55e57938 ikonatest elementor-view-default elementor-widget elementor-widget-icon\" data-id=\"55e57938\" data-element_type=\"widget\" data-widget_type=\"icon.default\">\n\t\t\t\t<div class=\"elementor-widget-container\">\n\t\t\t\t\t<div class=\"elementor-icon-wrapper\">\n\t\t\t<div class=\"elementor-icon\">\n\t\t\t<svg aria-hidden=\"true\" class=\"e-font-icon-svg e-fas-shapes\" viewbox=\"0 0 512 512\" xmlns=\"http:\/\/www.w3.org\/2000\/svg\"><path d=\"M128,256A128,128,0,1,0,256,384,128,128,0,0,0,128,256Zm379-54.86L400.07,18.29a37.26,37.26,0,0,0-64.14,0L229,201.14C214.76,225.52,232.58,256,261.09,256H474.91C503.42,256,521.24,225.52,507,201.14ZM480,288H320a32,32,0,0,0-32,32V480a32,32,0,0,0,32,32H480a32,32,0,0,0,32-32V320A32,32,0,0,0,480,288Z\"><\/path><\/svg>\t\t\t<\/div>\n\t\t<\/div>\n\t\t\t\t<\/div>\n\t\t\t\t<\/div>\n\t\t\t\t<div class=\"elementor-element elementor-element-22624f64 elementor-widget elementor-widget-heading\" data-id=\"22624f64\" data-element_type=\"widget\" data-widget_type=\"heading.default\">\n\t\t\t\t<div class=\"elementor-widget-container\">\n\t\t\t<h6 class=\"elementor-heading-title elementor-size-default\">Vielfalt an Formen<\/h6>\t\t<\/div>\n\t\t\t\t<\/div>\n\t\t\t\t\t<\/div>\n\t\t<\/div>\n\t\t\t\t<div class=\"elementor-column elementor-col-33 elementor-inner-column elementor-element elementor-element-8d6fd0 animated-slow elementor-invisible\" data-id=\"8d6fd0\" data-element_type=\"column\" data-settings=\"{&quot;animation&quot;:&quot;fadeInRight&quot;}\">\n\t\t\t<div class=\"elementor-widget-wrap elementor-element-populated\">\n\t\t\t\t\t\t<div class=\"elementor-element elementor-element-7751bf84 ikonatest2 elementor-view-default elementor-widget elementor-widget-icon\" data-id=\"7751bf84\" data-element_type=\"widget\" data-widget_type=\"icon.default\">\n\t\t\t\t<div class=\"elementor-widget-container\">\n\t\t\t\t\t<div class=\"elementor-icon-wrapper\">\n\t\t\t<div class=\"elementor-icon\">\n\t\t\t<svg aria-hidden=\"true\" class=\"e-font-icon-svg e-fas-scroll\" viewbox=\"0 0 640 512\" xmlns=\"http:\/\/www.w3.org\/2000\/svg\"><path d=\"M48 0C21.53 0 0 21.53 0 48v64c0 8.84 7.16 16 16 16h80V48C96 21.53 74.47 0 48 0zm208 412.57V352h288V96c0-52.94-43.06-96-96-96H111.59C121.74 13.41 128 29.92 128 48v368c0 38.87 34.65 69.65 74.75 63.12C234.22 474 256 444.46 256 412.57zM288 384v32c0 52.93-43.06 96-96 96h336c61.86 0 112-50.14 112-112 0-8.84-7.16-16-16-16H288z\"><\/path><\/svg>\t\t\t<\/div>\n\t\t<\/div>\n\t\t\t\t<\/div>\n\t\t\t\t<\/div>\n\t\t\t\t<div class=\"elementor-element elementor-element-290e652f elementor-widget elementor-widget-heading\" data-id=\"290e652f\" data-element_type=\"widget\" data-widget_type=\"heading.default\">\n\t\t\t\t<div class=\"elementor-widget-container\">\n\t\t\t<h6 class=\"elementor-heading-title elementor-size-default\">Pr\u00e4zisionsbiegen<\/h6>\t\t<\/div>\n\t\t\t\t<\/div>\n\t\t\t\t\t<\/div>\n\t\t<\/div>\n\t\t\t\t\t<\/div>\n\t\t<\/section>\n\t\t\t\t\t<\/div>\n\t\t<\/div>\n\t\t\t\t\t<\/div>\n\t\t<\/section>\n\t\t<div class=\"elementor-element elementor-element-6ba7bce3 e-flex e-con-boxed e-con e-parent\" data-id=\"6ba7bce3\" data-element_type=\"container\" id=\"ogavane-met\" data-core-v316-plus=\"true\">\n\t\t\t\t\t<div class=\"e-con-inner\">\n\t\t\t\t\t<\/div>\n\t\t\t\t<\/div>\n\t\t<div class=\"elementor-element elementor-element-2650335d e-con-full e-flex e-con e-parent\" data-id=\"2650335d\" data-element_type=\"container\" data-core-v316-plus=\"true\">\n\t\t<div class=\"elementor-element elementor-element-38e592cc e-con-full e-flex e-con e-child\" data-id=\"38e592cc\" data-element_type=\"container\">\n\t\t\t\t<\/div>\n\t\t<div class=\"elementor-element elementor-element-77634e3a e-con-full io6te1div e-flex elementor-invisible e-con e-child\" data-id=\"77634e3a\" data-element_type=\"container\" data-settings=\"{&quot;background_background&quot;:&quot;classic&quot;,&quot;animation&quot;:&quot;fadeInLeft&quot;}\">\n\t\t\t\t<div class=\"elementor-element elementor-element-6d394042 elementor-widget elementor-widget-heading\" data-id=\"6d394042\" data-element_type=\"widget\" data-widget_type=\"heading.default\">\n\t\t\t\t<div class=\"elementor-widget-container\">\n\t\t\t<h2 class=\"elementor-heading-title elementor-size-default\">BLECHBIEGEN<\/h2>\t\t<\/div>\n\t\t\t\t<\/div>\n\t\t\t\t<div class=\"elementor-element elementor-element-363b331c elementor-widget elementor-widget-text-editor\" data-id=\"363b331c\" data-element_type=\"widget\" data-widget_type=\"text-editor.default\">\n\t\t\t\t<div class=\"elementor-widget-container\">\n\t\t\t\t\t\t\t<p class=\" translation-block\">Unsere <strong>Abkantpressen zum Blechbiegen<\/strong> bieten M\u00f6glichkeiten zur Bearbeitung von Blechmaterialien mit einer St\u00e4rke von bis zu 15 Millimetern.<\/p><p class=\" translation-block\">Wir verf\u00fcgen \u00fcber Anlagen, die einen Arbeitsbereich <strong>bis zu 3000 mm Breite<\/strong> bieten, was Flexibilit\u00e4t und Pr\u00e4zision im Biegeprozess erm\u00f6glicht.<\/p>\t\t\t\t\t\t<\/div>\n\t\t\t\t<\/div>\n\t\t\t\t<div class=\"elementor-element elementor-element-240612ea elementor-widget elementor-widget-ibutton\" data-id=\"240612ea\" data-element_type=\"widget\" data-widget_type=\"ibutton.default\">\n\t\t\t\t<div class=\"elementor-widget-container\">\n\t\t\t\t\t<div class=\"ot-button\">\r\n\t\t\t<a href=\"#elementor-action:action=popup:open&settings=eyJpZCI6IjUwODIiLCJ0b2dnbGUiOmZhbHNlfQ==\" class=\"btn btn-main no-icon\"><span>Anfrage senden<\/span><\/a>\r\n\t    <\/div>\r\n\t    \t\t<\/div>\n\t\t\t\t<\/div>\n\t\t\t\t<\/div>\n\t\t<div class=\"elementor-element elementor-element-228dafd5 e-con-full e-flex elementor-invisible e-con e-child\" data-id=\"228dafd5\" data-element_type=\"container\" data-settings=\"{&quot;background_background&quot;:&quot;classic&quot;,&quot;animation&quot;:&quot;fadeInRight&quot;}\">\n\t\t\t\t<div class=\"elementor-element elementor-element-7ef2cd28 elementor-widget elementor-widget-ivideopopup\" data-id=\"7ef2cd28\" data-element_type=\"widget\" data-widget_type=\"ivideopopup.default\">\n\t\t\t\t<div class=\"elementor-widget-container\">\n\t\t\t\t\t<div class=\"video-popup\">\r\n\t        <a class=\"btn-play\" href=\"https:\/\/metalwork.comerg.com\/wp-content\/uploads\/2024\/05\/1785004_Machining_Manufacturing_Cnc_1280x720-1.mp4\">\r\n\t        \t<i class=\"icon ion-md-play\"><\/i>\r\n\t        <\/a>\r\n\t    <\/div>\r\n\t    \t\t<\/div>\n\t\t\t\t<\/div>\n\t\t\t\t<\/div>\n\t\t\t\t<\/div>\n\t\t<div class=\"elementor-element elementor-element-76e98108 e-flex e-con-boxed e-con e-parent\" data-id=\"76e98108\" data-element_type=\"container\" id=\"valo-ogavan\" data-core-v316-plus=\"true\">\n\t\t\t\t\t<div class=\"e-con-inner\">\n\t\t\t\t\t<\/div>\n\t\t\t\t<\/div>\n\t\t<div class=\"elementor-element elementor-element-65ae5861 e-con-full elementor-hidden-desktop elementor-hidden-tablet elementor-hidden-mobile e-flex e-con e-parent\" data-id=\"65ae5861\" data-element_type=\"container\" data-core-v316-plus=\"true\">\n\t\t<div class=\"elementor-element elementor-element-4fd3b947 e-con-full e-flex elementor-invisible e-con e-child\" data-id=\"4fd3b947\" data-element_type=\"container\" data-settings=\"{&quot;background_background&quot;:&quot;classic&quot;,&quot;animation&quot;:&quot;fadeInLeft&quot;}\">\n\t\t\t\t<div class=\"elementor-element elementor-element-1ab9e46a elementor-widget elementor-widget-ivideopopup\" data-id=\"1ab9e46a\" data-element_type=\"widget\" data-widget_type=\"ivideopopup.default\">\n\t\t\t\t<div class=\"elementor-widget-container\">\n\t\t\t\t\t<div class=\"video-popup\">\r\n\t        <a class=\"btn-play\" href=\"https:\/\/metalwork.comerg.com\/wp-content\/uploads\/2024\/05\/4771025_Engineers_Serve_Metal_1280x720.mp4\">\r\n\t        \t<i class=\"icon ion-md-play\"><\/i>\r\n\t        <\/a>\r\n\t    <\/div>\r\n\t    \t\t<\/div>\n\t\t\t\t<\/div>\n\t\t\t\t<\/div>\n\t\t<div class=\"elementor-element elementor-element-41c52013 e-con-full io6te1divsmall e-flex elementor-invisible e-con e-child\" data-id=\"41c52013\" data-element_type=\"container\" data-settings=\"{&quot;background_background&quot;:&quot;classic&quot;,&quot;animation&quot;:&quot;fadeInRight&quot;}\">\n\t\t\t\t<div class=\"elementor-element elementor-element-72278809 elementor-widget elementor-widget-heading\" data-id=\"72278809\" data-element_type=\"widget\" data-widget_type=\"heading.default\">\n\t\t\t\t<div class=\"elementor-widget-container\">\n\t\t\t<h2 class=\"elementor-heading-title elementor-size-default\">Rundbiegen<\/h2>\t\t<\/div>\n\t\t\t\t<\/div>\n\t\t\t\t<div class=\"elementor-element elementor-element-3be7e222 elementor-widget elementor-widget-text-editor\" data-id=\"3be7e222\" data-element_type=\"widget\" data-widget_type=\"text-editor.default\">\n\t\t\t\t<div class=\"elementor-widget-container\">\n\t\t\t\t\t\t\t<p class=\" translation-block\">Unsere <strong>Rundbiegemaschinen<\/strong> verf\u00fcgen \u00fcber einen Arbeitsbereich von <strong>2000 mm Breite, 6000 mm L\u00e4nge und einen Durchmesser von \u00d840 bis \u00d83000.<\/strong><\/p><p>Die Maschinen verf\u00fcgen \u00fcber eine Programmsteuerung, die eine hohe Genauigkeit und Wiederholbarkeit der gefertigten Teile erm\u00f6glicht.<\/p>\t\t\t\t\t\t<\/div>\n\t\t\t\t<\/div>\n\t\t\t\t<div class=\"elementor-element elementor-element-74d81210 elementor-widget elementor-widget-ibutton\" data-id=\"74d81210\" data-element_type=\"widget\" data-widget_type=\"ibutton.default\">\n\t\t\t\t<div class=\"elementor-widget-container\">\n\t\t\t\t\t<div class=\"ot-button\">\r\n\t\t\t<a href=\"#elementor-action:action=popup:open&settings=eyJpZCI6IjI5NDkiLCJ0b2dnbGUiOmZhbHNlfQ==\" class=\"btn btn-main no-icon\"><span>Anfrage senden<\/span><\/a>\r\n\t    <\/div>\r\n\t    \t\t<\/div>\n\t\t\t\t<\/div>\n\t\t\t\t<\/div>\n\t\t<div class=\"elementor-element elementor-element-7dbc47cc e-con-full e-flex e-con e-child\" data-id=\"7dbc47cc\" data-element_type=\"container\">\n\t\t\t\t<\/div>\n\t\t\t\t<\/div>\n\t\t<div class=\"elementor-element elementor-element-7778397d e-con-full e-flex e-con e-parent\" data-id=\"7778397d\" data-element_type=\"container\" data-core-v316-plus=\"true\">\n\t\t<div class=\"elementor-element elementor-element-3df84fe1 e-con-full e-flex elementor-invisible e-con e-child\" data-id=\"3df84fe1\" data-element_type=\"container\" data-settings=\"{&quot;background_background&quot;:&quot;classic&quot;,&quot;animation&quot;:&quot;fadeInLeft&quot;}\">\n\t\t\t\t<div class=\"elementor-element elementor-element-795a420b elementor-widget elementor-widget-ivideopopup\" data-id=\"795a420b\" data-element_type=\"widget\" data-widget_type=\"ivideopopup.default\">\n\t\t\t\t<div class=\"elementor-widget-container\">\n\t\t\t\t\t<div class=\"video-popup\">\r\n\t        <a class=\"btn-play\" href=\"https:\/\/metalwork.comerg.com\/wp-content\/uploads\/2024\/05\/4771025_Engineers_Serve_Metal_1280x720.mp4\">\r\n\t        \t<i class=\"icon ion-md-play\"><\/i>\r\n\t        <\/a>\r\n\t    <\/div>\r\n\t    \t\t<\/div>\n\t\t\t\t<\/div>\n\t\t\t\t<\/div>\n\t\t<div class=\"elementor-element elementor-element-4254c206 e-con-full io6te1divsmall e-flex elementor-invisible e-con e-child\" data-id=\"4254c206\" data-element_type=\"container\" data-settings=\"{&quot;background_background&quot;:&quot;classic&quot;,&quot;animation&quot;:&quot;fadeInRight&quot;}\">\n\t\t\t\t<div class=\"elementor-element elementor-element-503651ac elementor-widget elementor-widget-heading\" data-id=\"503651ac\" data-element_type=\"widget\" data-widget_type=\"heading.default\">\n\t\t\t\t<div class=\"elementor-widget-container\">\n\t\t\t<h2 class=\"elementor-heading-title elementor-size-default\">Rundbiegen<\/h2>\t\t<\/div>\n\t\t\t\t<\/div>\n\t\t\t\t<div class=\"elementor-element elementor-element-4804116e elementor-widget elementor-widget-text-editor\" data-id=\"4804116e\" data-element_type=\"widget\" data-widget_type=\"text-editor.default\">\n\t\t\t\t<div class=\"elementor-widget-container\">\n\t\t\t\t\t\t\t<p class=\" translation-block\">Unsere <strong>Rundbiegemaschinen<\/strong> verf\u00fcgen \u00fcber einen Arbeitsbereich von <strong>2000 mm Breite, 6000 mm L\u00e4nge und einen Durchmesser von \u00d840 bis \u00d83000.<\/strong><\/p><p>Die Maschinen verf\u00fcgen \u00fcber eine Programmsteuerung, die eine hohe Genauigkeit und Wiederholbarkeit der gefertigten Teile erm\u00f6glicht.<\/p>\t\t\t\t\t\t<\/div>\n\t\t\t\t<\/div>\n\t\t\t\t<div class=\"elementor-element elementor-element-436e6277 elementor-widget elementor-widget-ibutton\" data-id=\"436e6277\" data-element_type=\"widget\" data-widget_type=\"ibutton.default\">\n\t\t\t\t<div class=\"elementor-widget-container\">\n\t\t\t\t\t<div class=\"ot-button\">\r\n\t\t\t<a href=\"#elementor-action:action=popup:open&settings=eyJpZCI6IjUwODIiLCJ0b2dnbGUiOmZhbHNlfQ==\" class=\"btn btn-main no-icon\"><span>Anfrage senden<\/span><\/a>\r\n\t    <\/div>\r\n\t    \t\t<\/div>\n\t\t\t\t<\/div>\n\t\t\t\t<\/div>\n\t\t<div class=\"elementor-element elementor-element-d15b445 e-con-full e-flex e-con e-child\" data-id=\"d15b445\" data-element_type=\"container\">\n\t\t\t\t<\/div>\n\t\t\t\t<\/div>\n\t\t<div class=\"elementor-element elementor-element-569ef067 e-flex e-con-boxed e-con e-parent\" data-id=\"569ef067\" data-element_type=\"container\" id=\"trabo-ogav\" data-core-v316-plus=\"true\">\n\t\t\t\t\t<div class=\"e-con-inner\">\n\t\t\t\t\t<\/div>\n\t\t\t\t<\/div>\n\t\t<div class=\"elementor-element elementor-element-4b7248e9 e-con-full e-flex e-con e-parent\" data-id=\"4b7248e9\" data-element_type=\"container\" data-core-v316-plus=\"true\">\n\t\t<div class=\"elementor-element elementor-element-30ca87e1 e-con-full e-flex e-con e-child\" data-id=\"30ca87e1\" data-element_type=\"container\">\n\t\t\t\t<\/div>\n\t\t<div class=\"elementor-element elementor-element-7ee1bf9f e-con-full io6te1div e-flex elementor-invisible e-con e-child\" data-id=\"7ee1bf9f\" data-element_type=\"container\" data-settings=\"{&quot;background_background&quot;:&quot;classic&quot;,&quot;animation&quot;:&quot;fadeInLeft&quot;}\">\n\t\t\t\t<div class=\"elementor-element elementor-element-5624da36 elementor-widget elementor-widget-heading\" data-id=\"5624da36\" data-element_type=\"widget\" data-widget_type=\"heading.default\">\n\t\t\t\t<div class=\"elementor-widget-container\">\n\t\t\t<h2 class=\"elementor-heading-title elementor-size-default\">Biegen von verschiedenen Rohren und Profilen<\/h2>\t\t<\/div>\n\t\t\t\t<\/div>\n\t\t\t\t<div class=\"elementor-element elementor-element-5a4b6662 elementor-widget elementor-widget-text-editor\" data-id=\"5a4b6662\" data-element_type=\"widget\" data-widget_type=\"text-editor.default\">\n\t\t\t\t<div class=\"elementor-widget-container\">\n\t\t\t\t\t\t\t<p class=\" translation-block\">Unsere <strong>Rohr- und Profilbiegemaschinen<\/strong> zeichnen sich durch eine vollautomatische Steuerung, eine stabile Konstruktion und hohe Zuverl\u00e4ssigkeit aus.<\/p><p class=\" translation-block\">Maschinen, die das Biegen von Rohren und Profilen aus Kohlenstoff- und Edelstahl mit einem Rohrdurchmesser von <strong>\u00d8 20 bis \u00d8 150<\/strong> erm\u00f6glichen.<\/p>\t\t\t\t\t\t<\/div>\n\t\t\t\t<\/div>\n\t\t\t\t<div class=\"elementor-element elementor-element-2deffdfe elementor-widget elementor-widget-ibutton\" data-id=\"2deffdfe\" data-element_type=\"widget\" data-widget_type=\"ibutton.default\">\n\t\t\t\t<div class=\"elementor-widget-container\">\n\t\t\t\t\t<div class=\"ot-button\">\r\n\t\t\t<a href=\"#elementor-action:action=popup:open&settings=eyJpZCI6IjUwODIiLCJ0b2dnbGUiOmZhbHNlfQ==\" class=\"btn btn-main no-icon\"><span>Anfrage senden<\/span><\/a>\r\n\t    <\/div>\r\n\t    \t\t<\/div>\n\t\t\t\t<\/div>\n\t\t\t\t<\/div>\n\t\t<div class=\"elementor-element elementor-element-4e787d39 e-con-full e-flex elementor-invisible e-con e-child\" data-id=\"4e787d39\" data-element_type=\"container\" data-settings=\"{&quot;background_background&quot;:&quot;classic&quot;,&quot;animation&quot;:&quot;fadeInRight&quot;}\">\n\t\t\t\t<div class=\"elementor-element elementor-element-66596494 elementor-widget elementor-widget-ivideopopup\" data-id=\"66596494\" data-element_type=\"widget\" data-widget_type=\"ivideopopup.default\">\n\t\t\t\t<div class=\"elementor-widget-container\">\n\t\t\t\t\t<div class=\"video-popup\">\r\n\t        <a class=\"btn-play\" href=\"https:\/\/www.youtube.com\/watch?v=V3G4qkKTet4\" target=\"_blank\" rel=\"noopener\">\r\n\t        \t<i class=\"icon ion-md-play\"><\/i>\r\n\t        <\/a>\r\n\t    <\/div>\r\n\t    \t\t<\/div>\n\t\t\t\t<\/div>\n\t\t\t\t<\/div>\n\t\t\t\t<\/div>\n\t\t\t\t<\/div>","protected":false},"excerpt":{"rendered":"<p>Modern metal bending with precision and a variety of techniques. Precision Bending of Sheet and Tube Material Comerg Group Ltd has many years of experience in metal bending, with various equipment including press brakes, roll benders and pipe bending machines. Sheet Metal Bending: This method is used for bending metal sheets with high accuracy and [&hellip;]<\/p>","protected":false},"author":1,"featured_media":3713,"parent":0,"menu_order":0,"comment_status":"closed","ping_status":"closed","template":"","meta":{"footnotes":""},"class_list":["post-5431","page","type-page","status-publish","has-post-thumbnail","hentry"],"_links":{"self":[{"href":"https:\/\/metalwork.comerg.com\/de\/wp-json\/wp\/v2\/pages\/5431","targetHints":{"allow":["GET"]}}],"collection":[{"href":"https:\/\/metalwork.comerg.com\/de\/wp-json\/wp\/v2\/pages"}],"about":[{"href":"https:\/\/metalwork.comerg.com\/de\/wp-json\/wp\/v2\/types\/page"}],"author":[{"embeddable":true,"href":"https:\/\/metalwork.comerg.com\/de\/wp-json\/wp\/v2\/users\/1"}],"replies":[{"embeddable":true,"href":"https:\/\/metalwork.comerg.com\/de\/wp-json\/wp\/v2\/comments?post=5431"}],"version-history":[{"count":3,"href":"https:\/\/metalwork.comerg.com\/de\/wp-json\/wp\/v2\/pages\/5431\/revisions"}],"predecessor-version":[{"id":5469,"href":"https:\/\/metalwork.comerg.com\/de\/wp-json\/wp\/v2\/pages\/5431\/revisions\/5469"}],"wp:featuredmedia":[{"embeddable":true,"href":"https:\/\/metalwork.comerg.com\/de\/wp-json\/wp\/v2\/media\/3713"}],"wp:attachment":[{"href":"https:\/\/metalwork.comerg.com\/de\/wp-json\/wp\/v2\/media?parent=5431"}],"curies":[{"name":"wp","href":"https:\/\/api.w.org\/{rel}","templated":true}]}}