{"id":5428,"date":"2026-04-06T13:57:40","date_gmt":"2026-04-06T13:57:40","guid":{"rendered":"https:\/\/metalwork.comerg.com\/?page_id=5428"},"modified":"2026-04-07T10:48:48","modified_gmt":"2026-04-07T10:48:48","slug":"team","status":"publish","type":"page","link":"https:\/\/metalwork.comerg.com\/de\/team\/","title":{"rendered":"F\u00fchrungsteam"},"content":{"rendered":"<div data-elementor-type=\"wp-post\" data-elementor-id=\"5428\" class=\"elementor elementor-5428\" data-elementor-post-type=\"page\">\n\t\t\t\t\t\t<section class=\"elementor-section elementor-top-section elementor-element elementor-element-4070b6c3 elementor-section-boxed elementor-section-height-default elementor-section-height-default\" data-id=\"4070b6c3\" data-element_type=\"section\">\n\t\t\t\t\t\t<div class=\"elementor-container elementor-column-gap-default\">\n\t\t\t\t\t<div class=\"elementor-column elementor-col-100 elementor-top-column elementor-element elementor-element-289fe8cd\" data-id=\"289fe8cd\" data-element_type=\"column\">\n\t\t\t<div class=\"elementor-widget-wrap elementor-element-populated\">\n\t\t\t\t\t\t<div class=\"elementor-element elementor-element-33a06c82 elementor-invisible elementor-widget elementor-widget-text-editor\" data-id=\"33a06c82\" data-element_type=\"widget\" data-settings=\"{&quot;_animation&quot;:&quot;fadeInUp&quot;}\" data-widget_type=\"text-editor.default\">\n\t\t\t\t<div class=\"elementor-widget-container\">\n\t\t\t<style>\/*! elementor - v3.20.0 - 13-03-2024 *\/\n.elementor-widget-text-editor.elementor-drop-cap-view-stacked .elementor-drop-cap{background-color:#69727d;color:#fff}.elementor-widget-text-editor.elementor-drop-cap-view-framed .elementor-drop-cap{color:#69727d;border:3px solid;background-color:transparent}.elementor-widget-text-editor:not(.elementor-drop-cap-view-default) .elementor-drop-cap{margin-top:8px}.elementor-widget-text-editor:not(.elementor-drop-cap-view-default) .elementor-drop-cap-letter{width:1em;height:1em}.elementor-widget-text-editor .elementor-drop-cap{float:left;text-align:center;line-height:1;font-size:50px}.elementor-widget-text-editor .elementor-drop-cap-letter{display:inline-block}<\/style>\t\t\t\t<p>Unser Team ist das Herzst\u00fcck unseres Unternehmens, vereint im Streben nach Spitzenleistungen in der Metallbearbeitung und der Erbringung vielf\u00e4ltiger Dienstleistungen. Bestehend aus talentierten Fachleuten, von denen jeder \u00fcber umfassende Erfahrung und fundiertes Wissen verf\u00fcgt, erm\u00f6glicht uns unser Team, unseren Kunden qualitativ hochwertige L\u00f6sungen anzubieten. Unser Unternehmen glaubt an eine kontinuierliche Entwicklung und Verbesserung, die uns hilft, stets an der Spitze der Branche zu stehen und die Bed\u00fcrfnisse unserer Kunden jederzeit und \u00fcberall zu erf\u00fcllen.<\/p>\t\t\t\t\t\t<\/div>\n\t\t\t\t<\/div>\n\t\t\t\t<div class=\"elementor-element elementor-element-4018c3c0 siankakartinka elementor-invisible elementor-widget elementor-widget-bteam\" data-id=\"4018c3c0\" data-element_type=\"widget\" data-settings=\"{&quot;_animation&quot;:&quot;fadeInUp&quot;}\" data-widget_type=\"bteam.default\">\n\t\t\t\t<div class=\"elementor-widget-container\">\n\t\t\t\r\n\t\t<div class=\"team-wrap dtable\">\r\n\t\t\t\t\t\t<div class=\"team-thumb dcell\">\r\n\t\t\t\t<img decoding=\"async\" src=\"https:\/\/metalwork.comerg.com\/wp-content\/uploads\/2026\/04\/dr-stantchev-square.webp\" alt=\"George Stantchev\" title=\"\">\r\n\t\t\t<\/div>\r\n\t\t\t\t\t\t<div class=\"team-info dcell\">\r\n\t\t\t\t<h4>George Stantchev<\/h4>\r\n\t\t\t\t<p>Gr\u00fcnder<br>\nDr. Stantchev ist Unternehmer und Innovator im Bereich der Metallbearbeitung. Er verf\u00fcgt \u00fcber eine Vision f\u00fcr neue Technologien, Entwicklungsstrategien und die Schaffung einer Infrastruktur f\u00fcr das nachhaltige Wachstum des Unternehmens.<\/p>\r\n\t\t\t\t                    <div class=\"team-social\">\r\n                                                                                    <a target=\"_blank\" href=\"https:\/\/www.linkedin.com\/in\/gstantchev\" class=\"linkedin\" rel=\"noopener\">\r\n                                     <i class=\"fab fab fa-linkedin\"><\/i>\r\n                                <\/a>\r\n                                                                                                                <a target=\"_blank\" href=\"https:\/\/m.me\/stantchev\" class=\"messenger\">\r\n                                     <i class=\"fab fab fa-facebook-messenger\"><\/i>\r\n                                <\/a>\r\n                                                                                                                <a rel=\"nofollow\" \r\n                                        href=\"mailto:george@comerg.com\" class=\"email\">\r\n                                     <i class=\"fab fab fa-wpforms\"><\/i>\r\n                                <\/a>\r\n                                                                        <\/div>  \r\n                \t\t\t<\/div>\r\n\t\t<\/div>\r\n\t        \r\n\t    \t\t<\/div>\n\t\t\t\t<\/div>\n\t\t\t\t<div class=\"elementor-element elementor-element-51c5dfd6 siankakartinka elementor-invisible elementor-widget elementor-widget-bteam\" data-id=\"51c5dfd6\" data-element_type=\"widget\" data-settings=\"{&quot;_animation&quot;:&quot;fadeInUp&quot;}\" data-widget_type=\"bteam.default\">\n\t\t\t\t<div class=\"elementor-widget-container\">\n\t\t\t\r\n\t\t<div class=\"team-wrap dtable\">\r\n\t\t\t\t\t\t<div class=\"team-thumb dcell\">\r\n\t\t\t\t<img decoding=\"async\" src=\"https:\/\/metalwork.comerg.com\/wp-content\/uploads\/2026\/04\/georgi-bratanov.webp\" alt=\"Georgi Bratanov\" title=\"\">\r\n\t\t\t<\/div>\r\n\t\t\t\t\t\t<div class=\"team-info dcell\">\r\n\t\t\t\t<h4>Georgi Bratanov<\/h4>\r\n\t\t\t\t<p>Georgi Bratanov, unser Gesch\u00e4ftsf\u00fchrer, spielt eine Schl\u00fcsselrolle bei der Leitung des operativen Gesch\u00e4fts der Comerg Group, was zu einer effizienteren und qualitativ hochwertigeren Ausf\u00fchrung unserer Metallbearbeitungsdienstleistungen f\u00fchrt.<\/p>\r\n\t\t\t\t                    <div class=\"team-social\">\r\n                                                                                    <a target=\"_blank\" href=\"https:\/\/www.facebook.com\/georgi.bratanov\" class=\"facebook\" rel=\"noopener\">\r\n                                     <i class=\"fab fab fa-facebook\"><\/i>\r\n                                <\/a>\r\n                                                                                                                <a target=\"_blank\" href=\"https:\/\/www.linkedin.com\/in\/george-bratanov-6a6095182\/\" class=\"linkedin\" rel=\"noopener\">\r\n                                     <i class=\"fab fab fa-linkedin\"><\/i>\r\n                                <\/a>\r\n                                                                                                                <a target=\"_blank\" href=\"https:\/\/www.instagram.com\/goshk0o\/\" class=\"pinterest\" rel=\"noopener\">\r\n                                     <i class=\"fab fab fa-instagram\"><\/i>\r\n                                <\/a>\r\n                                                                                                                <a target=\"_blank\" \r\n                                        href=\"mailto:info@metalwork.comerg.com\" class=\"email\">\r\n                                     <i class=\"fab fab fa-wpforms\"><\/i>\r\n                                <\/a>\r\n                                                                        <\/div>  \r\n                \t\t\t<\/div>\r\n\t\t<\/div>\r\n\t        \r\n\t    \t\t<\/div>\n\t\t\t\t<\/div>\n\t\t\t\t\t<\/div>\n\t\t<\/div>\n\t\t\t\t\t<\/div>\n\t\t<\/section>\n\t\t\t\t<\/div>","protected":false},"excerpt":{"rendered":"<p>Our team is the heart of our company, united in its pursuit of excellence in metalworking and delivering various types of services. Composed of talented professionals, each possessing extensive experience and knowledge that allows us to provide high-quality solutions to our customers. Our company believes in continuous development and improvement, which helps us to always [&hellip;]<\/p>","protected":false},"author":1,"featured_media":2638,"parent":0,"menu_order":0,"comment_status":"closed","ping_status":"closed","template":"","meta":{"footnotes":""},"class_list":["post-5428","page","type-page","status-publish","has-post-thumbnail","hentry"],"_links":{"self":[{"href":"https:\/\/metalwork.comerg.com\/de\/wp-json\/wp\/v2\/pages\/5428","targetHints":{"allow":["GET"]}}],"collection":[{"href":"https:\/\/metalwork.comerg.com\/de\/wp-json\/wp\/v2\/pages"}],"about":[{"href":"https:\/\/metalwork.comerg.com\/de\/wp-json\/wp\/v2\/types\/page"}],"author":[{"embeddable":true,"href":"https:\/\/metalwork.comerg.com\/de\/wp-json\/wp\/v2\/users\/1"}],"replies":[{"embeddable":true,"href":"https:\/\/metalwork.comerg.com\/de\/wp-json\/wp\/v2\/comments?post=5428"}],"version-history":[{"count":3,"href":"https:\/\/metalwork.comerg.com\/de\/wp-json\/wp\/v2\/pages\/5428\/revisions"}],"predecessor-version":[{"id":5490,"href":"https:\/\/metalwork.comerg.com\/de\/wp-json\/wp\/v2\/pages\/5428\/revisions\/5490"}],"wp:featuredmedia":[{"embeddable":true,"href":"https:\/\/metalwork.comerg.com\/de\/wp-json\/wp\/v2\/media\/2638"}],"wp:attachment":[{"href":"https:\/\/metalwork.comerg.com\/de\/wp-json\/wp\/v2\/media?parent=5428"}],"curies":[{"name":"wp","href":"https:\/\/api.w.org\/{rel}","templated":true}]}}