{"id":5426,"date":"2026-04-06T13:59:26","date_gmt":"2026-04-06T13:59:26","guid":{"rendered":"https:\/\/metalwork.comerg.com\/?page_id=5426"},"modified":"2026-04-06T14:00:25","modified_gmt":"2026-04-06T14:00:25","slug":"history","status":"publish","type":"page","link":"https:\/\/metalwork.comerg.com\/de\/history\/","title":{"rendered":"Geschichte"},"content":{"rendered":"<div data-elementor-type=\"wp-post\" data-elementor-id=\"5426\" class=\"elementor elementor-5426\" data-elementor-post-type=\"page\">\n\t\t\t\t\t\t<section class=\"elementor-section elementor-top-section elementor-element elementor-element-cb54776 elementor-section-boxed elementor-section-height-default elementor-section-height-default\" data-id=\"cb54776\" data-element_type=\"section\">\n\t\t\t\t\t\t<div class=\"elementor-container elementor-column-gap-default\">\n\t\t\t\t\t<div class=\"elementor-column elementor-col-100 elementor-top-column elementor-element elementor-element-58a62d\" data-id=\"58a62d\" data-element_type=\"column\">\n\t\t\t<div class=\"elementor-widget-wrap elementor-element-populated\">\n\t\t\t\t\t\t<div class=\"elementor-element elementor-element-75334cb3 animated-slow elementor-invisible elementor-widget elementor-widget-iheading\" data-id=\"75334cb3\" data-element_type=\"widget\" data-settings=\"{&quot;_animation&quot;:&quot;fadeInUp&quot;}\" data-widget_type=\"iheading.default\">\n\t\t\t\t<div class=\"elementor-widget-container\">\n\t\t\t\t\t<div class=\"section-head\">\r\n\t        \t            <h6 class=\"text-primary\">Unsere Geschichte<\/h6>\r\n\t        \t        <h2 class=\"section-title\">Comerg Group GmbH <span class=\"text-primary\"><\/span><\/h2>\r\n\t        \t    <\/div>\r\n\t    \t\t<\/div>\n\t\t\t\t<\/div>\n\t\t\t\t<div class=\"elementor-element elementor-element-118de60d animated-slow elementor-invisible elementor-widget elementor-widget-text-editor\" data-id=\"118de60d\" data-element_type=\"widget\" data-settings=\"{&quot;_animation&quot;:&quot;fadeInUp&quot;}\" data-widget_type=\"text-editor.default\">\n\t\t\t\t<div class=\"elementor-widget-container\">\n\t\t\t<style>\/*! elementor - v3.20.0 - 13-03-2024 *\/\n.elementor-widget-text-editor.elementor-drop-cap-view-stacked .elementor-drop-cap{background-color:#69727d;color:#fff}.elementor-widget-text-editor.elementor-drop-cap-view-framed .elementor-drop-cap{color:#69727d;border:3px solid;background-color:transparent}.elementor-widget-text-editor:not(.elementor-drop-cap-view-default) .elementor-drop-cap{margin-top:8px}.elementor-widget-text-editor:not(.elementor-drop-cap-view-default) .elementor-drop-cap-letter{width:1em;height:1em}.elementor-widget-text-editor .elementor-drop-cap{float:left;text-align:center;line-height:1;font-size:50px}.elementor-widget-text-editor .elementor-drop-cap-letter{display:inline-block}<\/style>\t\t\t\t<p>Willkommen in der Geschichte der Comerg Group GmbH \u2013 einem f\u00fchrenden Unternehmen im Bereich Metallbearbeitung und Engineering. Mit \u00fcber einem Jahrzehnt Erfahrung und einem stetig wachsenden Team von Fachleuten sind wir stolz darauf, unsere Geschichte mit Ihnen zu teilen. Von unseren bescheidenen Anf\u00e4ngen bis hin zu unserer Etablierung als f\u00fchrende Kraft auf dem Markt widmet sich die Comerg Group GmbH der Qualit\u00e4t, Innovation und dem exzellenten Kundenservice. Lesen Sie in den folgenden Zeilen mehr \u00fcber unsere Erfolge, Herausforderungen und unsere Entwicklung im Laufe der Jahre.<\/p>\t\t\t\t\t\t<\/div>\n\t\t\t\t<\/div>\n\t\t\t\t\t<\/div>\n\t\t<\/div>\n\t\t\t\t\t<\/div>\n\t\t<\/section>\n\t\t\t\t<section class=\"elementor-section elementor-top-section elementor-element elementor-element-1c7672da elementor-section-content-middle elementor-section-boxed elementor-section-height-default elementor-section-height-default\" data-id=\"1c7672da\" data-element_type=\"section\">\n\t\t\t\t\t\t<div class=\"elementor-container elementor-column-gap-default\">\n\t\t\t\t\t<div class=\"elementor-column elementor-col-33 elementor-top-column elementor-element elementor-element-1f97ff65 animated-slow elementor-invisible\" data-id=\"1f97ff65\" data-element_type=\"column\" data-settings=\"{&quot;animation&quot;:&quot;fadeInLeft&quot;}\">\n\t\t\t<div class=\"elementor-widget-wrap elementor-element-populated\">\n\t\t\t\t\t\t<div class=\"elementor-element elementor-element-4cc80e90 elementor-widget elementor-widget-heading\" data-id=\"4cc80e90\" data-element_type=\"widget\" data-widget_type=\"heading.default\">\n\t\t\t\t<div class=\"elementor-widget-container\">\n\t\t\t<style>\/*! elementor - v3.20.0 - 13-03-2024 *\/\n.elementor-heading-title{padding:0;margin:0;line-height:1}.elementor-widget-heading .elementor-heading-title[class*=elementor-size-]>a{color:inherit;font-size:inherit;line-height:inherit}.elementor-widget-heading .elementor-heading-title.elementor-size-small{font-size:15px}.elementor-widget-heading .elementor-heading-title.elementor-size-medium{font-size:19px}.elementor-widget-heading .elementor-heading-title.elementor-size-large{font-size:29px}.elementor-widget-heading .elementor-heading-title.elementor-size-xl{font-size:39px}.elementor-widget-heading .elementor-heading-title.elementor-size-xxl{font-size:59px}<\/style><h4 class=\"elementor-heading-title elementor-size-default\">2014 - 2015<\/h4>\t\t<\/div>\n\t\t\t\t<\/div>\n\t\t\t\t\t<\/div>\n\t\t<\/div>\n\t\t\t\t<div class=\"elementor-column elementor-col-66 elementor-top-column elementor-element elementor-element-1a990454 animated-slow elementor-invisible\" data-id=\"1a990454\" data-element_type=\"column\" data-settings=\"{&quot;animation&quot;:&quot;fadeInUp&quot;}\">\n\t\t\t<div class=\"elementor-widget-wrap elementor-element-populated\">\n\t\t\t\t\t\t<div class=\"elementor-element elementor-element-5f69b1fa elementor-position-left elementor-vertical-align-middle elementor-widget elementor-widget-image-box\" data-id=\"5f69b1fa\" data-element_type=\"widget\" data-widget_type=\"image-box.default\">\n\t\t\t\t<div class=\"elementor-widget-container\">\n\t\t\t<style>\/*! elementor - v3.20.0 - 13-03-2024 *\/\n.elementor-widget-image-box .elementor-image-box-content{width:100%}@media (min-width:768px){.elementor-widget-image-box.elementor-position-left .elementor-image-box-wrapper,.elementor-widget-image-box.elementor-position-right .elementor-image-box-wrapper{display:flex}.elementor-widget-image-box.elementor-position-right .elementor-image-box-wrapper{text-align:right;flex-direction:row-reverse}.elementor-widget-image-box.elementor-position-left .elementor-image-box-wrapper{text-align:left;flex-direction:row}.elementor-widget-image-box.elementor-position-top .elementor-image-box-img{margin:auto}.elementor-widget-image-box.elementor-vertical-align-top .elementor-image-box-wrapper{align-items:flex-start}.elementor-widget-image-box.elementor-vertical-align-middle .elementor-image-box-wrapper{align-items:center}.elementor-widget-image-box.elementor-vertical-align-bottom .elementor-image-box-wrapper{align-items:flex-end}}@media (max-width:767px){.elementor-widget-image-box .elementor-image-box-img{margin-left:auto!important;margin-right:auto!important;margin-bottom:15px}}.elementor-widget-image-box .elementor-image-box-img{display:inline-block}.elementor-widget-image-box .elementor-image-box-title a{color:inherit}.elementor-widget-image-box .elementor-image-box-wrapper{text-align:center}.elementor-widget-image-box .elementor-image-box-description{margin:0}<\/style><div class=\"elementor-image-box-wrapper\"><figure class=\"elementor-image-box-img\"><img fetchpriority=\"high\" decoding=\"async\" width=\"2560\" height=\"1920\" src=\"https:\/\/metalwork.comerg.com\/wp-content\/uploads\/2026\/04\/IMG_0262-scaled-1.jpg\" class=\"elementor-animation-bob attachment-full size-full wp-image-5298\" alt=\"\" title=\"\" srcset=\"https:\/\/metalwork.comerg.com\/wp-content\/uploads\/2026\/04\/IMG_0262-scaled-1.jpg 2560w, https:\/\/metalwork.comerg.com\/wp-content\/uploads\/2026\/04\/IMG_0262-scaled-1-300x225.jpg 300w, https:\/\/metalwork.comerg.com\/wp-content\/uploads\/2026\/04\/IMG_0262-scaled-1-1024x768.jpg 1024w, https:\/\/metalwork.comerg.com\/wp-content\/uploads\/2026\/04\/IMG_0262-scaled-1-768x576.jpg 768w, https:\/\/metalwork.comerg.com\/wp-content\/uploads\/2026\/04\/IMG_0262-scaled-1-1536x1152.jpg 1536w, https:\/\/metalwork.comerg.com\/wp-content\/uploads\/2026\/04\/IMG_0262-scaled-1-2048x1536.jpg 2048w, https:\/\/metalwork.comerg.com\/wp-content\/uploads\/2026\/04\/IMG_0262-scaled-1-16x12.jpg 16w, https:\/\/metalwork.comerg.com\/wp-content\/uploads\/2026\/04\/IMG_0262-scaled-1-600x450.jpg 600w\" sizes=\"(max-width: 2560px) 100vw, 2560px\" \/><\/figure><div class=\"elementor-image-box-content\"><h4 class=\"elementor-image-box-title\">Der Beginn des Weges zur Professionalit\u00e4t<\/h4><p class=\"elementor-image-box-description\">Im Jahr 2014 wurde die Comerg Group GmbH mit der Mission gegr\u00fcndet, hochwertige Metallbearbeitungs- und Engineering-Dienstleistungen anzubieten. Der Anfang war bescheiden, mit wenigen Mitarbeitern und einer grundlegenden Metallverarbeitung. Von Beginn an lag der Fokus auf Professionalit\u00e4t und Pr\u00e4zision bei der Projektausf\u00fchrung.<\/p><\/div><\/div>\t\t<\/div>\n\t\t\t\t<\/div>\n\t\t\t\t\t<\/div>\n\t\t<\/div>\n\t\t\t\t\t<\/div>\n\t\t<\/section>\n\t\t\t\t<section class=\"elementor-section elementor-top-section elementor-element elementor-element-6b8ea5ab elementor-section-content-middle elementor-section-boxed elementor-section-height-default elementor-section-height-default\" data-id=\"6b8ea5ab\" data-element_type=\"section\">\n\t\t\t\t\t\t<div class=\"elementor-container elementor-column-gap-default\">\n\t\t\t\t\t<div class=\"elementor-column elementor-col-33 elementor-top-column elementor-element elementor-element-5b034456 elementor-invisible\" data-id=\"5b034456\" data-element_type=\"column\" data-settings=\"{&quot;animation&quot;:&quot;fadeInLeft&quot;}\">\n\t\t\t<div class=\"elementor-widget-wrap elementor-element-populated\">\n\t\t\t\t\t\t<div class=\"elementor-element elementor-element-3daef27e elementor-widget elementor-widget-heading\" data-id=\"3daef27e\" data-element_type=\"widget\" data-widget_type=\"heading.default\">\n\t\t\t\t<div class=\"elementor-widget-container\">\n\t\t\t<h4 class=\"elementor-heading-title elementor-size-default\">2015 - 2016<\/h4>\t\t<\/div>\n\t\t\t\t<\/div>\n\t\t\t\t\t<\/div>\n\t\t<\/div>\n\t\t\t\t<div class=\"elementor-column elementor-col-66 elementor-top-column elementor-element elementor-element-c68da elementor-invisible\" data-id=\"c68da\" data-element_type=\"column\" data-settings=\"{&quot;animation&quot;:&quot;fadeInUp&quot;}\">\n\t\t\t<div class=\"elementor-widget-wrap elementor-element-populated\">\n\t\t\t\t\t\t<div class=\"elementor-element elementor-element-2098a8fe elementor-position-left elementor-vertical-align-middle elementor-widget elementor-widget-image-box\" data-id=\"2098a8fe\" data-element_type=\"widget\" data-widget_type=\"image-box.default\">\n\t\t\t\t<div class=\"elementor-widget-container\">\n\t\t\t<div class=\"elementor-image-box-wrapper\"><figure class=\"elementor-image-box-img\"><img decoding=\"async\" width=\"2048\" height=\"1536\" src=\"https:\/\/metalwork.comerg.com\/wp-content\/uploads\/2026\/04\/main3-real-copy.webp\" class=\"elementor-animation-bob attachment-full size-full wp-image-5263\" alt=\"\" title=\"\" srcset=\"https:\/\/metalwork.comerg.com\/wp-content\/uploads\/2026\/04\/main3-real-copy.webp 2048w, https:\/\/metalwork.comerg.com\/wp-content\/uploads\/2026\/04\/main3-real-copy-300x225.webp 300w, https:\/\/metalwork.comerg.com\/wp-content\/uploads\/2026\/04\/main3-real-copy-1024x768.webp 1024w, https:\/\/metalwork.comerg.com\/wp-content\/uploads\/2026\/04\/main3-real-copy-768x576.webp 768w, https:\/\/metalwork.comerg.com\/wp-content\/uploads\/2026\/04\/main3-real-copy-1536x1152.webp 1536w, https:\/\/metalwork.comerg.com\/wp-content\/uploads\/2026\/04\/main3-real-copy-16x12.webp 16w, https:\/\/metalwork.comerg.com\/wp-content\/uploads\/2026\/04\/main3-real-copy-600x450.webp 600w\" sizes=\"(max-width: 2048px) 100vw, 2048px\" \/><\/figure><div class=\"elementor-image-box-content\"><h4 class=\"elementor-image-box-title\">Investitionen in Technologie und Wachstum<\/h4><p class=\"elementor-image-box-description\">Nach Jahren des Erfolgs und des Wachstums weitete die Comerg Group GmbH ihre Aktivit\u00e4ten durch die Einf\u00fchrung neuer Metallbearbeitungstechnologien aus. Das Unternehmen begann, Dienstleistungen wie Laserschneiden und Wasserstrahlschneiden anzubieten, was seine Kapazit\u00e4ten und seine Wettbewerbsf\u00e4higkeit auf dem Markt erheblich steigerte.<\/p><\/div><\/div>\t\t<\/div>\n\t\t\t\t<\/div>\n\t\t\t\t\t<\/div>\n\t\t<\/div>\n\t\t\t\t\t<\/div>\n\t\t<\/section>\n\t\t\t\t<section class=\"elementor-section elementor-top-section elementor-element elementor-element-73e758ff elementor-section-content-middle elementor-section-boxed elementor-section-height-default elementor-section-height-default\" data-id=\"73e758ff\" data-element_type=\"section\">\n\t\t\t\t\t\t<div class=\"elementor-container elementor-column-gap-default\">\n\t\t\t\t\t<div class=\"elementor-column elementor-col-33 elementor-top-column elementor-element elementor-element-66a5c8df elementor-invisible\" data-id=\"66a5c8df\" data-element_type=\"column\" data-settings=\"{&quot;animation&quot;:&quot;fadeInLeft&quot;}\">\n\t\t\t<div class=\"elementor-widget-wrap elementor-element-populated\">\n\t\t\t\t\t\t<div class=\"elementor-element elementor-element-2272c57b elementor-widget elementor-widget-heading\" data-id=\"2272c57b\" data-element_type=\"widget\" data-widget_type=\"heading.default\">\n\t\t\t\t<div class=\"elementor-widget-container\">\n\t\t\t<h4 class=\"elementor-heading-title elementor-size-default\">2016 - 2022<\/h4>\t\t<\/div>\n\t\t\t\t<\/div>\n\t\t\t\t\t<\/div>\n\t\t<\/div>\n\t\t\t\t<div class=\"elementor-column elementor-col-66 elementor-top-column elementor-element elementor-element-1c150dbe elementor-invisible\" data-id=\"1c150dbe\" data-element_type=\"column\" data-settings=\"{&quot;animation&quot;:&quot;fadeInUp&quot;}\">\n\t\t\t<div class=\"elementor-widget-wrap elementor-element-populated\">\n\t\t\t\t\t\t<div class=\"elementor-element elementor-element-6753a0d0 elementor-position-left elementor-vertical-align-middle elementor-widget elementor-widget-image-box\" data-id=\"6753a0d0\" data-element_type=\"widget\" data-widget_type=\"image-box.default\">\n\t\t\t\t<div class=\"elementor-widget-container\">\n\t\t\t<div class=\"elementor-image-box-wrapper\"><figure class=\"elementor-image-box-img\"><img decoding=\"async\" width=\"1000\" height=\"700\" src=\"https:\/\/metalwork.comerg.com\/wp-content\/uploads\/2026\/04\/valo-ogavane-cherveno.webp\" class=\"elementor-animation-bob attachment-full size-full wp-image-5204\" alt=\"\" title=\"\" srcset=\"https:\/\/metalwork.comerg.com\/wp-content\/uploads\/2026\/04\/valo-ogavane-cherveno.webp 1000w, https:\/\/metalwork.comerg.com\/wp-content\/uploads\/2026\/04\/valo-ogavane-cherveno-300x210.webp 300w, https:\/\/metalwork.comerg.com\/wp-content\/uploads\/2026\/04\/valo-ogavane-cherveno-768x538.webp 768w, https:\/\/metalwork.comerg.com\/wp-content\/uploads\/2026\/04\/valo-ogavane-cherveno-18x12.webp 18w, https:\/\/metalwork.comerg.com\/wp-content\/uploads\/2026\/04\/valo-ogavane-cherveno-600x420.webp 600w\" sizes=\"(max-width: 1000px) 100vw, 1000px\" \/><\/figure><div class=\"elementor-image-box-content\"><h4 class=\"elementor-image-box-title\">Professionalit\u00e4t und Expansion<\/h4><p class=\"elementor-image-box-description\">In den folgenden sechs Jahren wuchs die Comerg Group GmbH stetig weiter und gewann eine immer gr\u00f6\u00dfere Anzahl an Kunden und Projekten. Neue Schwei\u00dftechniken und -prozesse wurden in die Produktion eingef\u00fchrt, w\u00e4hrend das Unternehmen seine Expertise ausbaute und personalisierte L\u00f6sungen f\u00fcr jeden Kunden anbot.<\/p><\/div><\/div>\t\t<\/div>\n\t\t\t\t<\/div>\n\t\t\t\t\t<\/div>\n\t\t<\/div>\n\t\t\t\t\t<\/div>\n\t\t<\/section>\n\t\t\t\t<section class=\"elementor-section elementor-top-section elementor-element elementor-element-5450ab3f elementor-section-content-middle elementor-section-boxed elementor-section-height-default elementor-section-height-default\" data-id=\"5450ab3f\" data-element_type=\"section\">\n\t\t\t\t\t\t<div class=\"elementor-container elementor-column-gap-default\">\n\t\t\t\t\t<div class=\"elementor-column elementor-col-33 elementor-top-column elementor-element elementor-element-36da5e51 elementor-invisible\" data-id=\"36da5e51\" data-element_type=\"column\" data-settings=\"{&quot;animation&quot;:&quot;fadeInLeft&quot;}\">\n\t\t\t<div class=\"elementor-widget-wrap elementor-element-populated\">\n\t\t\t\t\t\t<div class=\"elementor-element elementor-element-182bc9bb elementor-widget elementor-widget-heading\" data-id=\"182bc9bb\" data-element_type=\"widget\" data-widget_type=\"heading.default\">\n\t\t\t\t<div class=\"elementor-widget-container\">\n\t\t\t<h4 class=\"elementor-heading-title elementor-size-default\">2022 - 2023<\/h4>\t\t<\/div>\n\t\t\t\t<\/div>\n\t\t\t\t\t<\/div>\n\t\t<\/div>\n\t\t\t\t<div class=\"elementor-column elementor-col-66 elementor-top-column elementor-element elementor-element-32c9a7f3 elementor-invisible\" data-id=\"32c9a7f3\" data-element_type=\"column\" data-settings=\"{&quot;animation&quot;:&quot;fadeInUp&quot;}\">\n\t\t\t<div class=\"elementor-widget-wrap elementor-element-populated\">\n\t\t\t\t\t\t<div class=\"elementor-element elementor-element-484fbfdc elementor-position-left elementor-vertical-align-middle elementor-widget elementor-widget-image-box\" data-id=\"484fbfdc\" data-element_type=\"widget\" data-widget_type=\"image-box.default\">\n\t\t\t\t<div class=\"elementor-widget-container\">\n\t\t\t<div class=\"elementor-image-box-wrapper\"><figure class=\"elementor-image-box-img\"><img loading=\"lazy\" decoding=\"async\" width=\"2560\" height=\"1920\" src=\"https:\/\/metalwork.comerg.com\/wp-content\/uploads\/2026\/04\/ImportedPhoto.741772863.292353-scaled-1.jpeg\" class=\"elementor-animation-bob attachment-full size-full wp-image-5308\" alt=\"\" title=\"\" srcset=\"https:\/\/metalwork.comerg.com\/wp-content\/uploads\/2026\/04\/ImportedPhoto.741772863.292353-scaled-1.jpeg 2560w, https:\/\/metalwork.comerg.com\/wp-content\/uploads\/2026\/04\/ImportedPhoto.741772863.292353-scaled-1-300x225.jpeg 300w, https:\/\/metalwork.comerg.com\/wp-content\/uploads\/2026\/04\/ImportedPhoto.741772863.292353-scaled-1-1024x768.jpeg 1024w, https:\/\/metalwork.comerg.com\/wp-content\/uploads\/2026\/04\/ImportedPhoto.741772863.292353-scaled-1-768x576.jpeg 768w, https:\/\/metalwork.comerg.com\/wp-content\/uploads\/2026\/04\/ImportedPhoto.741772863.292353-scaled-1-1536x1152.jpeg 1536w, https:\/\/metalwork.comerg.com\/wp-content\/uploads\/2026\/04\/ImportedPhoto.741772863.292353-scaled-1-2048x1536.jpeg 2048w, https:\/\/metalwork.comerg.com\/wp-content\/uploads\/2026\/04\/ImportedPhoto.741772863.292353-scaled-1-16x12.jpeg 16w, https:\/\/metalwork.comerg.com\/wp-content\/uploads\/2026\/04\/ImportedPhoto.741772863.292353-scaled-1-600x450.jpeg 600w\" sizes=\"(max-width: 2560px) 100vw, 2560px\" \/><\/figure><div class=\"elementor-image-box-content\"><h4 class=\"elementor-image-box-title\">Etablierung als Marktf\u00fchrer<\/h4><p class=\"elementor-image-box-description\">In diesem Zeitraum hat sich die Comerg Group GmbH als ein f\u00fchrendes Unternehmen im Bereich der Metallbearbeitung etabliert. Durch neue Investitionen in moderne Ausr\u00fcstung und Technologien wurde das Unternehmen zu einem bevorzugten Partner f\u00fcr qualitativ hochwertige Projekte und Produkte.<\/p><\/div><\/div>\t\t<\/div>\n\t\t\t\t<\/div>\n\t\t\t\t\t<\/div>\n\t\t<\/div>\n\t\t\t\t\t<\/div>\n\t\t<\/section>\n\t\t\t\t<section class=\"elementor-section elementor-top-section elementor-element elementor-element-37154056 elementor-section-content-middle elementor-section-boxed elementor-section-height-default elementor-section-height-default\" data-id=\"37154056\" data-element_type=\"section\">\n\t\t\t\t\t\t<div class=\"elementor-container elementor-column-gap-default\">\n\t\t\t\t\t<div class=\"elementor-column elementor-col-33 elementor-top-column elementor-element elementor-element-71b32c42 elementor-invisible\" data-id=\"71b32c42\" data-element_type=\"column\" data-settings=\"{&quot;animation&quot;:&quot;fadeInLeft&quot;}\">\n\t\t\t<div class=\"elementor-widget-wrap elementor-element-populated\">\n\t\t\t\t\t\t<div class=\"elementor-element elementor-element-3e14252 elementor-widget elementor-widget-heading\" data-id=\"3e14252\" data-element_type=\"widget\" data-widget_type=\"heading.default\">\n\t\t\t\t<div class=\"elementor-widget-container\">\n\t\t\t<h4 class=\"elementor-heading-title elementor-size-default\">2023 - 2024<\/h4>\t\t<\/div>\n\t\t\t\t<\/div>\n\t\t\t\t\t<\/div>\n\t\t<\/div>\n\t\t\t\t<div class=\"elementor-column elementor-col-66 elementor-top-column elementor-element elementor-element-8c805e elementor-invisible\" data-id=\"8c805e\" data-element_type=\"column\" data-settings=\"{&quot;animation&quot;:&quot;fadeInUp&quot;}\">\n\t\t\t<div class=\"elementor-widget-wrap elementor-element-populated\">\n\t\t\t\t\t\t<div class=\"elementor-element elementor-element-2bf721ef elementor-position-left elementor-vertical-align-middle elementor-widget elementor-widget-image-box\" data-id=\"2bf721ef\" data-element_type=\"widget\" data-widget_type=\"image-box.default\">\n\t\t\t\t<div class=\"elementor-widget-container\">\n\t\t\t<div class=\"elementor-image-box-wrapper\"><figure class=\"elementor-image-box-img\"><img loading=\"lazy\" decoding=\"async\" width=\"2560\" height=\"1920\" src=\"https:\/\/metalwork.comerg.com\/wp-content\/uploads\/2026\/04\/ImportedPhoto.741692366.598558-scaled-1.jpeg\" class=\"elementor-animation-bob attachment-full size-full wp-image-5312\" alt=\"\" title=\"\" srcset=\"https:\/\/metalwork.comerg.com\/wp-content\/uploads\/2026\/04\/ImportedPhoto.741692366.598558-scaled-1.jpeg 2560w, https:\/\/metalwork.comerg.com\/wp-content\/uploads\/2026\/04\/ImportedPhoto.741692366.598558-scaled-1-300x225.jpeg 300w, https:\/\/metalwork.comerg.com\/wp-content\/uploads\/2026\/04\/ImportedPhoto.741692366.598558-scaled-1-1024x768.jpeg 1024w, https:\/\/metalwork.comerg.com\/wp-content\/uploads\/2026\/04\/ImportedPhoto.741692366.598558-scaled-1-768x576.jpeg 768w, https:\/\/metalwork.comerg.com\/wp-content\/uploads\/2026\/04\/ImportedPhoto.741692366.598558-scaled-1-1536x1152.jpeg 1536w, https:\/\/metalwork.comerg.com\/wp-content\/uploads\/2026\/04\/ImportedPhoto.741692366.598558-scaled-1-2048x1536.jpeg 2048w, https:\/\/metalwork.comerg.com\/wp-content\/uploads\/2026\/04\/ImportedPhoto.741692366.598558-scaled-1-16x12.jpeg 16w, https:\/\/metalwork.comerg.com\/wp-content\/uploads\/2026\/04\/ImportedPhoto.741692366.598558-scaled-1-600x450.jpeg 600w\" sizes=\"(max-width: 2560px) 100vw, 2560px\" \/><\/figure><div class=\"elementor-image-box-content\"><h4 class=\"elementor-image-box-title\">Kontinuierliche Innovation und Entwicklung<\/h4><p class=\"elementor-image-box-description\">In den letzten vier Jahren hat die Comerg Group GmbH ihre Dienstleistungen kontinuierlich innoviert und erweitert. Das Streben nach Perfektionismus und der st\u00e4ndige Einsatz f\u00fcr Spitzenleistungen stellen sicher, dass das Unternehmen Marktf\u00fchrer im Bereich der Metallbearbeitung bleibt. Mit vollwertigen Produktionsanlagen und einem Team von Fachleuten entwickelt sich die Comerg Group GmbH stetig weiter und bedient ihre Kunden mit h\u00f6chster Qualit\u00e4t und innovativen L\u00f6sungen.<\/p><\/div><\/div>\t\t<\/div>\n\t\t\t\t<\/div>\n\t\t\t\t\t<\/div>\n\t\t<\/div>\n\t\t\t\t\t<\/div>\n\t\t<\/section>\n\t\t\t\t<\/div>","protected":false},"excerpt":{"rendered":"<p>Our History Comerg Group Ltd Welcome to the history of Comerg Group Ltd &#8211; a leading company in the field of metalworking and engineering. With over a decade of experience and a constantly evolving team of professionals, we are proud to share our history with you. From our humble beginnings to establishing ourselves as a [&hellip;]<\/p>","protected":false},"author":1,"featured_media":2570,"parent":0,"menu_order":0,"comment_status":"closed","ping_status":"closed","template":"","meta":{"footnotes":""},"class_list":["post-5426","page","type-page","status-publish","has-post-thumbnail","hentry"],"_links":{"self":[{"href":"https:\/\/metalwork.comerg.com\/de\/wp-json\/wp\/v2\/pages\/5426","targetHints":{"allow":["GET"]}}],"collection":[{"href":"https:\/\/metalwork.comerg.com\/de\/wp-json\/wp\/v2\/pages"}],"about":[{"href":"https:\/\/metalwork.comerg.com\/de\/wp-json\/wp\/v2\/types\/page"}],"author":[{"embeddable":true,"href":"https:\/\/metalwork.comerg.com\/de\/wp-json\/wp\/v2\/users\/1"}],"replies":[{"embeddable":true,"href":"https:\/\/metalwork.comerg.com\/de\/wp-json\/wp\/v2\/comments?post=5426"}],"version-history":[{"count":3,"href":"https:\/\/metalwork.comerg.com\/de\/wp-json\/wp\/v2\/pages\/5426\/revisions"}],"predecessor-version":[{"id":5493,"href":"https:\/\/metalwork.comerg.com\/de\/wp-json\/wp\/v2\/pages\/5426\/revisions\/5493"}],"wp:featuredmedia":[{"embeddable":true,"href":"https:\/\/metalwork.comerg.com\/de\/wp-json\/wp\/v2\/media\/2570"}],"wp:attachment":[{"href":"https:\/\/metalwork.comerg.com\/de\/wp-json\/wp\/v2\/media?parent=5426"}],"curies":[{"name":"wp","href":"https:\/\/api.w.org\/{rel}","templated":true}]}}