{"id":5425,"date":"2026-04-06T14:00:51","date_gmt":"2026-04-06T14:00:51","guid":{"rendered":"https:\/\/metalwork.comerg.com\/?page_id=5425"},"modified":"2026-04-07T10:54:32","modified_gmt":"2026-04-07T10:54:32","slug":"welding","status":"publish","type":"page","link":"https:\/\/metalwork.comerg.com\/de\/welding\/","title":{"rendered":"Schwei\u00dfdienstleistungen"},"content":{"rendered":"<div data-elementor-type=\"wp-page\" data-elementor-id=\"5425\" class=\"elementor elementor-5425\" data-elementor-post-type=\"page\">\n\t\t\t\t\t\t<section class=\"elementor-section elementor-top-section elementor-element elementor-element-ced50a9 elementor-section-content-middle elementor-section-boxed elementor-section-height-default elementor-section-height-default\" data-id=\"ced50a9\" data-element_type=\"section\">\n\t\t\t\t\t\t<div class=\"elementor-container elementor-column-gap-extended\">\n\t\t\t\t\t<div class=\"elementor-column elementor-col-100 elementor-top-column elementor-element elementor-element-75f592b2 animated-slow elementor-invisible\" data-id=\"75f592b2\" data-element_type=\"column\" data-settings=\"{&quot;animation&quot;:&quot;fadeInUp&quot;}\">\n\t\t\t<div class=\"elementor-widget-wrap elementor-element-populated\">\n\t\t\t\t\t\t<div class=\"elementor-element elementor-element-29d2ec4d elementor-widget elementor-widget-iheading\" data-id=\"29d2ec4d\" data-element_type=\"widget\" data-widget_type=\"iheading.default\">\n\t\t\t\t<div class=\"elementor-widget-container\">\n\t\t\t\t\t<div class=\"section-head\">\r\n\t        \t            <h6 class=\"text-primary\">Erstklassige Schwei\u00dfdienstleistungen mit modernen Techniken und fachm\u00e4nnischer Ausf\u00fchrung.<\/h6>\r\n\t        \t        <h2 class=\"section-title\">Professionelles Schwei\u00dfen, das hohe Zuverl\u00e4ssigkeit garantiert <span class=\"text-primary\"><\/span><\/h2>\r\n\t        \t    <\/div>\r\n\t    \t\t<\/div>\n\t\t\t\t<\/div>\n\t\t\t\t<div class=\"elementor-element elementor-element-6e90368d elementor-widget elementor-widget-text-editor\" data-id=\"6e90368d\" data-element_type=\"widget\" data-widget_type=\"text-editor.default\">\n\t\t\t\t<div class=\"elementor-widget-container\">\n\t\t\t<style>\/*! elementor - v3.20.0 - 13-03-2024 *\/\n.elementor-widget-text-editor.elementor-drop-cap-view-stacked .elementor-drop-cap{background-color:#69727d;color:#fff}.elementor-widget-text-editor.elementor-drop-cap-view-framed .elementor-drop-cap{color:#69727d;border:3px solid;background-color:transparent}.elementor-widget-text-editor:not(.elementor-drop-cap-view-default) .elementor-drop-cap{margin-top:8px}.elementor-widget-text-editor:not(.elementor-drop-cap-view-default) .elementor-drop-cap-letter{width:1em;height:1em}.elementor-widget-text-editor .elementor-drop-cap{float:left;text-align:center;line-height:1;font-size:50px}.elementor-widget-text-editor .elementor-drop-cap-letter{display:inline-block}<\/style>\t\t\t\t<p><strong>Die Comerg Group GmbH bietet verschiedene Schwei\u00dfverfahren an und \u0435st auf MIG\/MAG-, E-Hand- (MMA) und WIG-Schwei\u00dfen (TIG) spezialisiert. Mit unserer modernen Ausr\u00fcstung und Technologie sowie einem Team aus erfahrenen Fachkr\u00e4ften garantieren wir eine kompromisslose Qualit\u00e4t der von uns gefertigten Schwei\u00dfn\u00e4hte.<\/strong><\/p><p class=\" translation-block\"><strong>MIG\/MAG-Schwei\u00dfen unter Schutzgas<\/strong>: Bei diesem Verfahren wird Schutzgas verwendet, um die Schwei\u00dfnaht vor atmosph\u00e4rischen Einfl\u00fcssen zu sch\u00fctzen und eine glatte sowie feste Verbindung zu gew\u00e4hrleisten. Es eignet sich zum Schwei\u00dfen verschiedener Metalle, einschlie\u00dflich Stahl und Aluminium.<\/p><p class=\" translation-block\"><strong>Lichtbogenhandschwei\u00dfen (E-Hand\/MMA) mit Elektroden<\/strong>: Dieses traditionelle Verfahren eignet sich f\u00fcr grobe und belastbare Schwei\u00dfn\u00e4hte an dicken Metallen. Es wird im Bauwesen und bei der Reparatur von schweren Konstruktionen eingesetzt und bietet Zuverl\u00e4ssigkeit sowie Langlebigkeit.<\/p><p class=\" translation-block\"><strong>WIG-Schwei\u00dfen (Wolfram-Inertgasschwei\u00dfen)<\/strong>: Das WIG-Schwei\u00dfen bietet durch die Verwendung einer Wolframelektrode au\u00dfergew\u00f6hnliche Pr\u00e4zision und Kontrolle. Es ist ideal zum Schwei\u00dfen von d\u00fcnnen Materialien und Edelstahl geeignet und liefert qualitativ hochwertige sowie \u00e4sthetische Schwei\u00dfn\u00e4hte. Dieses Verfahren erreicht ein H\u00f6chstma\u00df an Sauberkeit und Genauigkeit der Schwei\u00dfnaht, was es zur bevorzugten Wahl f\u00fcr kritische Anwendungen in der Luftfahrt, Medizin und chemischen Industrie macht.<\/p><p class=\" translation-block\">Die <strong>Comerg Group GmbH<\/strong> bietet hochwertige Schwei\u00dfdienstleistungen an, die allen Industriestandards entsprechen. Mit Liebe zum Detail und dem Engagement f\u00fcr Spitzenleistungen \u0441\u0430 \u043d\u0438\u0435 \u0412\u0430\u0448\u0438\u044f\u0442 \u043d\u0430\u0434\u0435\u0436\u0434\u0435\u043d \u043f\u0430\u0440\u0442\u043d\u044c\u043e\u0440 \u0437\u0430 \u0432\u0441\u044f\u043a\u0430\u043a\u0432\u0438 \u0437\u0430\u0432\u0430\u0440\u044a\u0447\u043d\u0438 \u043f\u0440\u043e\u0435\u043a\u0442\u0438.<\/p>\t\t\t\t\t\t<\/div>\n\t\t\t\t<\/div>\n\t\t\t\t<section class=\"elementor-section elementor-inner-section elementor-element elementor-element-2c45a76e elementor-section-full_width elementor-section-height-default elementor-section-height-default\" data-id=\"2c45a76e\" data-element_type=\"section\">\n\t\t\t\t\t\t<div class=\"elementor-container elementor-column-gap-extended\">\n\t\t\t\t\t<div class=\"elementor-column elementor-col-33 elementor-inner-column elementor-element elementor-element-4c928867 animated-slow elementor-invisible\" data-id=\"4c928867\" data-element_type=\"column\" data-settings=\"{&quot;animation&quot;:&quot;fadeInLeft&quot;}\">\n\t\t\t<div class=\"elementor-widget-wrap elementor-element-populated\">\n\t\t\t\t\t\t<div class=\"elementor-element elementor-element-6efe11a4 rotate-icon-inside elementor-view-default elementor-widget elementor-widget-icon\" data-id=\"6efe11a4\" data-element_type=\"widget\" data-widget_type=\"icon.default\">\n\t\t\t\t<div class=\"elementor-widget-container\">\n\t\t\t\t\t<div class=\"elementor-icon-wrapper\">\n\t\t\t<div class=\"elementor-icon\">\n\t\t\t<svg aria-hidden=\"true\" class=\"e-font-icon-svg e-far-life-ring\" viewbox=\"0 0 512 512\" xmlns=\"http:\/\/www.w3.org\/2000\/svg\"><path d=\"M256 504c136.967 0 248-111.033 248-248S392.967 8 256 8 8 119.033 8 256s111.033 248 248 248zm-103.398-76.72l53.411-53.411c31.806 13.506 68.128 13.522 99.974 0l53.411 53.411c-63.217 38.319-143.579 38.319-206.796 0zM336 256c0 44.112-35.888 80-80 80s-80-35.888-80-80 35.888-80 80-80 80 35.888 80 80zm91.28 103.398l-53.411-53.411c13.505-31.806 13.522-68.128 0-99.974l53.411-53.411c38.319 63.217 38.319 143.579 0 206.796zM359.397 84.72l-53.411 53.411c-31.806-13.505-68.128-13.522-99.973 0L152.602 84.72c63.217-38.319 143.579-38.319 206.795 0zM84.72 152.602l53.411 53.411c-13.506 31.806-13.522 68.128 0 99.974L84.72 359.398c-38.319-63.217-38.319-143.579 0-206.796z\"><\/path><\/svg>\t\t\t<\/div>\n\t\t<\/div>\n\t\t\t\t<\/div>\n\t\t\t\t<\/div>\n\t\t\t\t<div class=\"elementor-element elementor-element-14977e1f elementor-widget elementor-widget-heading\" data-id=\"14977e1f\" data-element_type=\"widget\" data-widget_type=\"heading.default\">\n\t\t\t\t<div class=\"elementor-widget-container\">\n\t\t\t<style>\/*! elementor - v3.20.0 - 13-03-2024 *\/\n.elementor-heading-title{padding:0;margin:0;line-height:1}.elementor-widget-heading .elementor-heading-title[class*=elementor-size-]>a{color:inherit;font-size:inherit;line-height:inherit}.elementor-widget-heading .elementor-heading-title.elementor-size-small{font-size:15px}.elementor-widget-heading .elementor-heading-title.elementor-size-medium{font-size:19px}.elementor-widget-heading .elementor-heading-title.elementor-size-large{font-size:29px}.elementor-widget-heading .elementor-heading-title.elementor-size-xl{font-size:39px}.elementor-widget-heading .elementor-heading-title.elementor-size-xxl{font-size:59px}<\/style><h6 class=\"elementor-heading-title elementor-size-default\">Pr\u00e4zisionsschwei\u00dfn\u00e4hte<\/h6>\t\t<\/div>\n\t\t\t\t<\/div>\n\t\t\t\t\t<\/div>\n\t\t<\/div>\n\t\t\t\t<div class=\"elementor-column elementor-col-33 elementor-inner-column elementor-element elementor-element-70fe8888 animated-slow elementor-invisible\" data-id=\"70fe8888\" data-element_type=\"column\" data-settings=\"{&quot;animation&quot;:&quot;fadeInUp&quot;}\">\n\t\t\t<div class=\"elementor-widget-wrap elementor-element-populated\">\n\t\t\t\t\t\t<div class=\"elementor-element elementor-element-7836d605 ikonatest elementor-view-default elementor-widget elementor-widget-icon\" data-id=\"7836d605\" data-element_type=\"widget\" data-widget_type=\"icon.default\">\n\t\t\t\t<div class=\"elementor-widget-container\">\n\t\t\t\t\t<div class=\"elementor-icon-wrapper\">\n\t\t\t<div class=\"elementor-icon\">\n\t\t\t<svg aria-hidden=\"true\" class=\"e-font-icon-svg e-fas-hammer\" viewbox=\"0 0 576 512\" xmlns=\"http:\/\/www.w3.org\/2000\/svg\"><path d=\"M571.31 193.94l-22.63-22.63c-6.25-6.25-16.38-6.25-22.63 0l-11.31 11.31-28.9-28.9c5.63-21.31.36-44.9-16.35-61.61l-45.25-45.25c-62.48-62.48-163.79-62.48-226.28 0l90.51 45.25v18.75c0 16.97 6.74 33.25 18.75 45.25l49.14 49.14c16.71 16.71 40.3 21.98 61.61 16.35l28.9 28.9-11.31 11.31c-6.25 6.25-6.25 16.38 0 22.63l22.63 22.63c6.25 6.25 16.38 6.25 22.63 0l90.51-90.51c6.23-6.24 6.23-16.37-.02-22.62zm-286.72-15.2c-3.7-3.7-6.84-7.79-9.85-11.95L19.64 404.96c-25.57 23.88-26.26 64.19-1.53 88.93s65.05 24.05 88.93-1.53l238.13-255.07c-3.96-2.91-7.9-5.87-11.44-9.41l-49.14-49.14z\"><\/path><\/svg>\t\t\t<\/div>\n\t\t<\/div>\n\t\t\t\t<\/div>\n\t\t\t\t<\/div>\n\t\t\t\t<div class=\"elementor-element elementor-element-6347e733 elementor-widget elementor-widget-heading\" data-id=\"6347e733\" data-element_type=\"widget\" data-widget_type=\"heading.default\">\n\t\t\t\t<div class=\"elementor-widget-container\">\n\t\t\t<h6 class=\"elementor-heading-title elementor-size-default\">Zuverl\u00e4ssige Verbindungen<\/h6>\t\t<\/div>\n\t\t\t\t<\/div>\n\t\t\t\t\t<\/div>\n\t\t<\/div>\n\t\t\t\t<div class=\"elementor-column elementor-col-33 elementor-inner-column elementor-element elementor-element-6d1d76af animated-slow elementor-invisible\" data-id=\"6d1d76af\" data-element_type=\"column\" data-settings=\"{&quot;animation&quot;:&quot;fadeInRight&quot;}\">\n\t\t\t<div class=\"elementor-widget-wrap elementor-element-populated\">\n\t\t\t\t\t\t<div class=\"elementor-element elementor-element-463b0923 ikonatest2 elementor-view-default elementor-widget elementor-widget-icon\" data-id=\"463b0923\" data-element_type=\"widget\" data-widget_type=\"icon.default\">\n\t\t\t\t<div class=\"elementor-widget-container\">\n\t\t\t\t\t<div class=\"elementor-icon-wrapper\">\n\t\t\t<div class=\"elementor-icon\">\n\t\t\t<svg aria-hidden=\"true\" class=\"e-font-icon-svg e-far-hand-rock\" viewbox=\"0 0 512 512\" xmlns=\"http:\/\/www.w3.org\/2000\/svg\"><path d=\"M408.864 79.052c-22.401-33.898-66.108-42.273-98.813-23.588-29.474-31.469-79.145-31.093-108.334-.022-47.16-27.02-108.71 5.055-110.671 60.806C44.846 105.407 0 140.001 0 187.429v56.953c0 32.741 14.28 63.954 39.18 85.634l97.71 85.081c4.252 3.702 3.11 5.573 3.11 32.903 0 17.673 14.327 32 32 32h252c17.673 0 32-14.327 32-32 0-23.513-1.015-30.745 3.982-42.37l42.835-99.656c6.094-14.177 9.183-29.172 9.183-44.568V146.963c0-52.839-54.314-88.662-103.136-67.911zM464 261.406a64.505 64.505 0 0 1-5.282 25.613l-42.835 99.655c-5.23 12.171-7.883 25.04-7.883 38.25V432H188v-10.286c0-16.37-7.14-31.977-19.59-42.817l-97.71-85.08C56.274 281.255 48 263.236 48 244.381v-56.953c0-33.208 52-33.537 52 .677v41.228a16 16 0 0 0 5.493 12.067l7 6.095A16 16 0 0 0 139 235.429V118.857c0-33.097 52-33.725 52 .677v26.751c0 8.836 7.164 16 16 16h7c8.836 0 16-7.164 16-16v-41.143c0-33.134 52-33.675 52 .677v40.466c0 8.836 7.163 16 16 16h7c8.837 0 16-7.164 16-16v-27.429c0-33.03 52-33.78 52 .677v26.751c0 8.836 7.163 16 16 16h7c8.837 0 16-7.164 16-16 0-33.146 52-33.613 52 .677v114.445z\"><\/path><\/svg>\t\t\t<\/div>\n\t\t<\/div>\n\t\t\t\t<\/div>\n\t\t\t\t<\/div>\n\t\t\t\t<div class=\"elementor-element elementor-element-3ca080db elementor-widget elementor-widget-heading\" data-id=\"3ca080db\" data-element_type=\"widget\" id=\"lazerno\" data-widget_type=\"heading.default\">\n\t\t\t\t<div class=\"elementor-widget-container\">\n\t\t\t<h6 class=\"elementor-heading-title elementor-size-default\">Langlebige Ergebnisse<\/h6>\t\t<\/div>\n\t\t\t\t<\/div>\n\t\t\t\t\t<\/div>\n\t\t<\/div>\n\t\t\t\t\t<\/div>\n\t\t<\/section>\n\t\t\t\t\t<\/div>\n\t\t<\/div>\n\t\t\t\t\t<\/div>\n\t\t<\/section>\n\t\t<div class=\"elementor-element elementor-element-28ab006d e-flex e-con-boxed e-con e-parent\" data-id=\"28ab006d\" data-element_type=\"container\" id=\"zavariavane\" data-core-v316-plus=\"true\">\n\t\t\t\t\t<div class=\"e-con-inner\">\n\t\t\t\t\t<\/div>\n\t\t\t\t<\/div>\n\t\t<div class=\"elementor-element elementor-element-406bccf6 e-con-full e-flex e-con e-parent\" data-id=\"406bccf6\" data-element_type=\"container\" data-core-v316-plus=\"true\">\n\t\t<div class=\"elementor-element elementor-element-173db268 e-con-full e-flex elementor-invisible e-con e-child\" data-id=\"173db268\" data-element_type=\"container\" data-settings=\"{&quot;background_background&quot;:&quot;classic&quot;,&quot;animation&quot;:&quot;fadeInLeft&quot;}\">\n\t\t\t\t<div class=\"elementor-element elementor-element-add74d7 elementor-widget elementor-widget-ivideopopup\" data-id=\"add74d7\" data-element_type=\"widget\" data-widget_type=\"ivideopopup.default\">\n\t\t\t\t<div class=\"elementor-widget-container\">\n\t\t\t\t\t<div class=\"video-popup\">\r\n\t        <a class=\"btn-play\" href=\"https:\/\/metalwork.comerg.com\/wp-content\/uploads\/2024\/05\/1541909_Welder_Uses_Welding_1280x720.mp4\">\r\n\t        \t<i class=\"icon ion-md-play\"><\/i>\r\n\t        <\/a>\r\n\t    <\/div>\r\n\t    \t\t<\/div>\n\t\t\t\t<\/div>\n\t\t\t\t<\/div>\n\t\t<div class=\"elementor-element elementor-element-5f6aa3e2 e-con-full io6te1divsmall e-flex elementor-invisible e-con e-child\" data-id=\"5f6aa3e2\" data-element_type=\"container\" data-settings=\"{&quot;background_background&quot;:&quot;classic&quot;,&quot;animation&quot;:&quot;fadeInRight&quot;}\">\n\t\t\t\t<div class=\"elementor-element elementor-element-48b5b805 elementor-widget elementor-widget-heading\" data-id=\"48b5b805\" data-element_type=\"widget\" data-widget_type=\"heading.default\">\n\t\t\t\t<div class=\"elementor-widget-container\">\n\t\t\t<h2 class=\"elementor-heading-title elementor-size-default\">SCHWEISSEN<\/h2>\t\t<\/div>\n\t\t\t\t<\/div>\n\t\t\t\t<div class=\"elementor-element elementor-element-7df576ae elementor-widget elementor-widget-text-editor\" data-id=\"7df576ae\" data-element_type=\"widget\" data-widget_type=\"text-editor.default\">\n\t\t\t\t<div class=\"elementor-widget-container\">\n\t\t\t\t\t\t\t<p class=\" translation-block\">Unsere <strong>Schwei\u00dfger\u00e4te<\/strong> sind mit speziellen Modi zum Schwei\u00dfen von Metallelementen mit einer Dicke von bis zu 10 Millimetern ausgestattet. <br><br>Ihr Arbeitsbereich reicht von <strong>100 bis 200 Quadratzentimetern<\/strong> und gew\u00e4hrleistet eine hohe Pr\u00e4zision und Qualit\u00e4t der Schwei\u00dfverbindungen.<\/p>\t\t\t\t\t\t<\/div>\n\t\t\t\t<\/div>\n\t\t\t\t<div class=\"elementor-element elementor-element-23fa8ab6 elementor-widget elementor-widget-ibutton\" data-id=\"23fa8ab6\" data-element_type=\"widget\" data-widget_type=\"ibutton.default\">\n\t\t\t\t<div class=\"elementor-widget-container\">\n\t\t\t\t\t<div class=\"ot-button\">\r\n\t\t\t<a href=\"#elementor-action:action=popup:open&settings=eyJpZCI6IjUwODIiLCJ0b2dnbGUiOmZhbHNlfQ==\" class=\"btn btn-main no-icon\"><span>Anfrage senden<\/span><\/a>\r\n\t    <\/div>\r\n\t    \t\t<\/div>\n\t\t\t\t<\/div>\n\t\t\t\t<\/div>\n\t\t<div class=\"elementor-element elementor-element-2508e6f6 e-con-full e-flex e-con e-child\" data-id=\"2508e6f6\" data-element_type=\"container\">\n\t\t\t\t<\/div>\n\t\t\t\t<\/div>\n\t\t\t\t<\/div>","protected":false},"excerpt":{"rendered":"<p>Top-level welding services with modern techniques and expert execution. Professional Welding Guaranteeing High Reliability Comerg Group Ltd offers various types of welding, specializing in MIG\/MAG, MMA and TIG welding. With our modern equipment and technology, as well as a team of experienced specialists, we guarantee uncompromising quality in the welding seams we produce. MIG\/MAG welding [&hellip;]<\/p>","protected":false},"author":1,"featured_media":3667,"parent":0,"menu_order":0,"comment_status":"closed","ping_status":"closed","template":"","meta":{"footnotes":""},"class_list":["post-5425","page","type-page","status-publish","has-post-thumbnail","hentry"],"_links":{"self":[{"href":"https:\/\/metalwork.comerg.com\/de\/wp-json\/wp\/v2\/pages\/5425","targetHints":{"allow":["GET"]}}],"collection":[{"href":"https:\/\/metalwork.comerg.com\/de\/wp-json\/wp\/v2\/pages"}],"about":[{"href":"https:\/\/metalwork.comerg.com\/de\/wp-json\/wp\/v2\/types\/page"}],"author":[{"embeddable":true,"href":"https:\/\/metalwork.comerg.com\/de\/wp-json\/wp\/v2\/users\/1"}],"replies":[{"embeddable":true,"href":"https:\/\/metalwork.comerg.com\/de\/wp-json\/wp\/v2\/comments?post=5425"}],"version-history":[{"count":3,"href":"https:\/\/metalwork.comerg.com\/de\/wp-json\/wp\/v2\/pages\/5425\/revisions"}],"predecessor-version":[{"id":5496,"href":"https:\/\/metalwork.comerg.com\/de\/wp-json\/wp\/v2\/pages\/5425\/revisions\/5496"}],"wp:featuredmedia":[{"embeddable":true,"href":"https:\/\/metalwork.comerg.com\/de\/wp-json\/wp\/v2\/media\/3667"}],"wp:attachment":[{"href":"https:\/\/metalwork.comerg.com\/de\/wp-json\/wp\/v2\/media?parent=5425"}],"curies":[{"name":"wp","href":"https:\/\/api.w.org\/{rel}","templated":true}]}}